{"id":91,"date":"2018-09-10T19:19:40","date_gmt":"2018-09-10T19:19:40","guid":{"rendered":"https:\/\/calcanstaging.kinsta.cloud\/?page_id=91"},"modified":"2026-03-24T15:33:10","modified_gmt":"2026-03-24T22:33:10","slug":"healthysoils","status":"publish","type":"page","link":"https:\/\/calclimateag.org\/es\/healthysoils\/","title":{"rendered":"Suelos sanos"},"content":{"rendered":"<h2 class=\"wp-block-heading\"><span style=\"font-weight: 400;\">Soil is the foundation of agricultural productivity and sustainability, global food security and our rural economies. <\/span><\/h2>\n\n\n\n<p>Healthy soils not only lead to reduced greenhouse gas (GHG) emissions, but also improve crop yields, drought and flood tolerance, and air and water quality.&nbsp;The health of our soils is improved through farm management that increases soil organic matter and reduces reliance on fossil fuel-based inputs.&nbsp;<\/p>\n\n\n\n<p>Additional benefits that can come with improving soil health include:<\/p>\n\n\n\n<ul class=\"wp-block-list\">\n<li>Reduced use of chemical fertilizers<\/li>\n\n\n\n<li>Mejora de la calidad del aire y del agua <\/li>\n\n\n\n<li>Increased biodiversity and wildlife habitat<\/li>\n\n\n\n<li>Increased water infiltration and retention<\/li>\n\n\n\n<li>Reduced soil erosion<\/li>\n\n\n\n<li>Improved soil fertility and plant health<\/li>\n<\/ul>\n\n\n\r\n<div class=\"pull_out_quote_main\" id=\"calcan-secondary-button-block_321f272cbe9c6ffcfa0e76913581fad5\">\r\n    <div class=\"pull_out_quote_icon\">\r\n        <img decoding=\"async\" src=\"https:\/\/calclimateag.org\/wp-content\/themes\/CalClimateag\/assets\/images\/quote-icon.svg\" alt=\"icono_cita\">\r\n    <\/div>\r\n    <div class=\"pull_out_quote\">\r\n                    <p>\u201cIt\u2019s all in the title. Healthier soils grow healthier food for our communities to eat.\u201d<\/p>\r\n                                <div class=\"bio_author\">\r\n                <p>- \r\n                                            <b>Miguel Hernandez,<\/b>\r\n                        Pauma Band of Luise\u00f1o Indians                <\/p>\r\n            <\/div>\r\n                <\/div>\r\n<\/div>\r\n\r\n\n\n\n<h3 class=\"wp-block-heading\">State Healthy Soils Initiative<\/h3>\n\n\n\n<p>Recognizing the multiple benefits of well-managed soils, the state launched the Healthy Soils Initiative in 2015, a collaboration of state agencies and departments to promote the stewardship of soil health. A year later, the legislature funded the Healthy Soils Program (HSP), coordinated by the California Department of Food and Agriculture (CDFA), which offers producers incentives to adopt GHG-reducing soil health practices. CalCAN and our partners have been among the most consistent advocates for the program.<\/p>\n\n\n\n<p>Eligible practices for funding (with additional practices under consideration) include:<\/p>\n\n\n\n<ul class=\"wp-block-list\">\n<li>Compost and mulch application<\/li>\n\n\n\n<li>Cover cropping<\/li>\n\n\n\n<li>Reduced tillage<\/li>\n\n\n\n<li>Planting windbreaks, riparian buffers and hedgerows<\/li>\n\n\n\n<li>Silvopasture<\/li>\n<\/ul>\n\n\n\n<p>The program also funds demonstration projects to showcase these practices and accelerate their adoption through farmer-to-farmer education. Read more <a href=\"https:\/\/calclimateag.org\/es\/solutions\/hsp\/\" target=\"_blank\" rel=\"noopener noreferrer\">background on the Healthy Soils Program<\/a>.<\/p>\n\n\n\n<p><\/p>\n\n\n\r\n<div class=\"blog_faq_section calcan_blog_faq_section\" id=\"calcan-blog-faq-section-block_c28e2425110a770e3b012b4f88b1686c\">\r\n            <div class=\"blog_faq_title_block\">\r\n            <h3>Related Bill History<\/h3>\r\n        <\/div>\r\n                <div class=\"site-desc\">\r\n            <p>CalCAN patrocin\u00f3 o desempe\u00f1\u00f3 un papel principal en los siguientes proyectos de ley relacionados que fueron aprobados y convertidos en ley.<\/p>\n        <\/div>\r\n        \r\n        <div class=\"blog_faq_outer calcan_blog_accordion\">\r\n                                    <div class=\"blog_faq_block\">\r\n                            <div class=\"blog_faq_header\"><p>AB 1532 (2012)<\/p>\r\n                                <div class=\"blog_faq_arrow\"><img decoding=\"async\" src=\"https:\/\/calclimateag.org\/wp-content\/themes\/CalClimateag\/assets\/images\/angle_down.svg\" alt=\"\"><\/div>\r\n                            <\/div>\r\n                            <div class=\"blog_faq_inner_block\">\r\n                                <div class=\"site-desc\">\r\n                                    <p><a href=\"https:\/\/leginfo.legislature.ca.gov\/faces\/billTextClient.xhtml?bill_id=201120120AB1532\" target=\"_blank\" rel=\"noopener\">AB 1532<\/a> (2012) \u2014 Introduced by Speaker John Perez, the bill includes sustainable agriculture as an eligible funding area for cap and trade investment. This has been a major funding source for CDFA&#8217;s HSP.<\/p>\n                                <\/div>\r\n                            <\/div>\r\n                        <\/div>\r\n                                                <div class=\"blog_faq_block\">\r\n                            <div class=\"blog_faq_header\"><p>SB 1350 (2016)<\/p>\r\n                                <div class=\"blog_faq_arrow\"><img decoding=\"async\" src=\"https:\/\/calclimateag.org\/wp-content\/themes\/CalClimateag\/assets\/images\/angle_down.svg\" alt=\"\"><\/div>\r\n                            <\/div>\r\n                            <div class=\"blog_faq_inner_block\">\r\n                                <div class=\"site-desc\">\r\n                                    <p><a href=\"https:\/\/leginfo.legislature.ca.gov\/faces\/billNavClient.xhtml?bill_id=201520160SB1350\" target=\"_blank\" rel=\"noopener\">SB 1350<\/a> (2016) \u2014 Language from this Healthy Soils Bill, introduced by Senator Wolk, informed the budget bill SB 859 that established HSP in statute and mandated that the state fund more than anaerobic digesters in its efforts to reduce methane emissions from livestock operations.<\/p>\n                                <\/div>\r\n                            <\/div>\r\n                        <\/div>\r\n                                                <div class=\"blog_faq_block\">\r\n                            <div class=\"blog_faq_header\"><p>AB 2377 (2018)<\/p>\r\n                                <div class=\"blog_faq_arrow\"><img decoding=\"async\" src=\"https:\/\/calclimateag.org\/wp-content\/themes\/CalClimateag\/assets\/images\/angle_down.svg\" alt=\"\"><\/div>\r\n                            <\/div>\r\n                            <div class=\"blog_faq_inner_block\">\r\n                                <div class=\"site-desc\">\r\n                                    <p><a href=\"https:\/\/calclimateag.org\/es\/bill-to-help-farmers-fight-climate-change-signed-by-the-governor\/\" target=\"_blank\" rel=\"noopener\">AB 2377<\/a> (2018) \u2014 Authored by Assemblymember Jacqui Irwin, this bill funds technical assistance for farmers and ranchers seeking to transition to Climate Smart Agriculture practices through HSP and programs.<\/p>\n                                <\/div>\r\n                            <\/div>\r\n                        <\/div>\r\n                                   \r\n            \r\n        <\/div>\r\n    \r\n<\/div>","protected":false},"excerpt":{"rendered":"<p>Soil is the foundation of agricultural productivity and sustainability, global food security and our rural economies. Healthy soils not only lead&#8230;<\/p>","protected":false},"author":3,"featured_media":14922,"parent":0,"menu_order":0,"comment_status":"closed","ping_status":"closed","template":"","meta":{"_acf_changed":false,"inline_featured_image":false,"_monsterinsights_skip_tracking":false,"_monsterinsights_sitenote_active":false,"_monsterinsights_sitenote_note":"","_monsterinsights_sitenote_category":0,"jetpack_post_was_ever_published":false,"footnotes":""},"class_list":["post-91","page","type-page","status-publish","has-post-thumbnail","hentry"],"acf":[],"yoast_head":"<!-- This site is optimized with the Yoast SEO plugin v27.5 - https:\/\/yoast.com\/product\/yoast-seo-wordpress\/ -->\n<title>Healthy Soils | CalCAN - California Climate &amp; Agriculture Network<\/title>\n<meta name=\"description\" content=\"Healthy Soils Benefits include reduced use of chemical fertilizers, improved air and water quality, increased biodiversity, wildlife habitat &amp; more.\" \/>\n<meta name=\"robots\" content=\"index, follow, max-snippet:-1, max-image-preview:large, max-video-preview:-1\" \/>\n<link rel=\"canonical\" href=\"https:\/\/calclimateag.org\/es\/healthysoils\/\" \/>\n<meta property=\"og:locale\" content=\"es_ES\" \/>\n<meta property=\"og:type\" content=\"article\" \/>\n<meta property=\"og:title\" content=\"Healthy Soils | CalCAN - California Climate &amp; Agriculture Network\" \/>\n<meta property=\"og:description\" content=\"Healthy Soils Benefits include reduced use of chemical fertilizers, improved air and water quality, increased biodiversity, wildlife habitat &amp; more.\" \/>\n<meta property=\"og:url\" content=\"https:\/\/calclimateag.org\/es\/healthysoils\/\" \/>\n<meta property=\"og:site_name\" content=\"CalCAN - California Climate &amp; Agriculture Network\" \/>\n<meta property=\"article:modified_time\" content=\"2026-03-24T22:33:10+00:00\" \/>\n<meta property=\"og:image\" content=\"https:\/\/calclimateag.org\/wp-content\/uploads\/2021\/07\/Banner-HealthySoils_Credit-USDA-NRCS_Compressed.jpeg\" \/>\n\t<meta property=\"og:image:width\" content=\"1600\" \/>\n\t<meta property=\"og:image:height\" content=\"575\" \/>\n\t<meta property=\"og:image:type\" content=\"image\/jpeg\" \/>\n<meta name=\"twitter:card\" content=\"summary_large_image\" \/>\n<meta name=\"twitter:label1\" content=\"Tiempo de lectura\" \/>\n\t<meta name=\"twitter:data1\" content=\"2 minutos\" \/>\n<script type=\"application\/ld+json\" class=\"yoast-schema-graph\">{\"@context\":\"https:\\\/\\\/schema.org\",\"@graph\":[{\"@type\":\"WebPage\",\"@id\":\"https:\\\/\\\/calclimateag.org\\\/healthysoils\\\/\",\"url\":\"https:\\\/\\\/calclimateag.org\\\/healthysoils\\\/\",\"name\":\"Healthy Soils | CalCAN - California Climate &amp; Agriculture Network\",\"isPartOf\":{\"@id\":\"https:\\\/\\\/calclimateag.org\\\/#website\"},\"primaryImageOfPage\":{\"@id\":\"https:\\\/\\\/calclimateag.org\\\/healthysoils\\\/#primaryimage\"},\"image\":{\"@id\":\"https:\\\/\\\/calclimateag.org\\\/healthysoils\\\/#primaryimage\"},\"thumbnailUrl\":\"https:\\\/\\\/i0.wp.com\\\/calclimateag.org\\\/wp-content\\\/uploads\\\/2021\\\/07\\\/Banner-HealthySoils_Credit-USDA-NRCS_Compressed.jpeg?fit=1600%2C575&ssl=1\",\"datePublished\":\"2018-09-10T19:19:40+00:00\",\"dateModified\":\"2026-03-24T22:33:10+00:00\",\"description\":\"Healthy Soils Benefits include reduced use of chemical fertilizers, improved air and water quality, increased biodiversity, wildlife habitat & more.\",\"breadcrumb\":{\"@id\":\"https:\\\/\\\/calclimateag.org\\\/healthysoils\\\/#breadcrumb\"},\"inLanguage\":\"es\",\"potentialAction\":[{\"@type\":\"ReadAction\",\"target\":[\"https:\\\/\\\/calclimateag.org\\\/healthysoils\\\/\"]}]},{\"@type\":\"ImageObject\",\"inLanguage\":\"es\",\"@id\":\"https:\\\/\\\/calclimateag.org\\\/healthysoils\\\/#primaryimage\",\"url\":\"https:\\\/\\\/i0.wp.com\\\/calclimateag.org\\\/wp-content\\\/uploads\\\/2021\\\/07\\\/Banner-HealthySoils_Credit-USDA-NRCS_Compressed.jpeg?fit=1600%2C575&ssl=1\",\"contentUrl\":\"https:\\\/\\\/i0.wp.com\\\/calclimateag.org\\\/wp-content\\\/uploads\\\/2021\\\/07\\\/Banner-HealthySoils_Credit-USDA-NRCS_Compressed.jpeg?fit=1600%2C575&ssl=1\",\"width\":1600,\"height\":575,\"caption\":\"Healthy-Soils\"},{\"@type\":\"BreadcrumbList\",\"@id\":\"https:\\\/\\\/calclimateag.org\\\/healthysoils\\\/#breadcrumb\",\"itemListElement\":[{\"@type\":\"ListItem\",\"position\":1,\"name\":\"Home\",\"item\":\"https:\\\/\\\/calclimateag.org\\\/\"},{\"@type\":\"ListItem\",\"position\":2,\"name\":\"Healthy Soils\"}]},{\"@type\":\"WebSite\",\"@id\":\"https:\\\/\\\/calclimateag.org\\\/#website\",\"url\":\"https:\\\/\\\/calclimateag.org\\\/\",\"name\":\"CalCAN - California Climate &amp; Agriculture Network\",\"description\":\"California Climate &amp; Agriculture Network\",\"potentialAction\":[{\"@type\":\"SearchAction\",\"target\":{\"@type\":\"EntryPoint\",\"urlTemplate\":\"https:\\\/\\\/calclimateag.org\\\/?s={search_term_string}\"},\"query-input\":{\"@type\":\"PropertyValueSpecification\",\"valueRequired\":true,\"valueName\":\"search_term_string\"}}],\"inLanguage\":\"es\"}]}<\/script>\n<!-- \/ Yoast SEO plugin. -->","yoast_head_json":{"title":"Healthy Soils | CalCAN - California Climate &amp; Agriculture Network","description":"Los beneficios de los suelos sanos incluyen la reducci\u00f3n del uso de fertilizantes qu\u00edmicos, la mejora de la calidad del aire y del agua, el aumento de la biodiversidad, el h\u00e1bitat de la fauna salvaje y mucho m\u00e1s.","robots":{"index":"index","follow":"follow","max-snippet":"max-snippet:-1","max-image-preview":"max-image-preview:large","max-video-preview":"max-video-preview:-1"},"canonical":"https:\/\/calclimateag.org\/es\/healthysoils\/","og_locale":"es_ES","og_type":"article","og_title":"Healthy Soils | CalCAN - California Climate &amp; Agriculture Network","og_description":"Healthy Soils Benefits include reduced use of chemical fertilizers, improved air and water quality, increased biodiversity, wildlife habitat & more.","og_url":"https:\/\/calclimateag.org\/es\/healthysoils\/","og_site_name":"CalCAN - California Climate &amp; Agriculture Network","article_modified_time":"2026-03-24T22:33:10+00:00","og_image":[{"width":1600,"height":575,"url":"https:\/\/calclimateag.org\/wp-content\/uploads\/2021\/07\/Banner-HealthySoils_Credit-USDA-NRCS_Compressed.jpeg","type":"image\/jpeg"}],"twitter_card":"summary_large_image","twitter_misc":{"Tiempo de lectura":"2 minutos"},"schema":{"@context":"https:\/\/schema.org","@graph":[{"@type":"WebPage","@id":"https:\/\/calclimateag.org\/healthysoils\/","url":"https:\/\/calclimateag.org\/healthysoils\/","name":"Healthy Soils | CalCAN - California Climate &amp; Agriculture Network","isPartOf":{"@id":"https:\/\/calclimateag.org\/#website"},"primaryImageOfPage":{"@id":"https:\/\/calclimateag.org\/healthysoils\/#primaryimage"},"image":{"@id":"https:\/\/calclimateag.org\/healthysoils\/#primaryimage"},"thumbnailUrl":"https:\/\/i0.wp.com\/calclimateag.org\/wp-content\/uploads\/2021\/07\/Banner-HealthySoils_Credit-USDA-NRCS_Compressed.jpeg?fit=1600%2C575&ssl=1","datePublished":"2018-09-10T19:19:40+00:00","dateModified":"2026-03-24T22:33:10+00:00","description":"Los beneficios de los suelos sanos incluyen la reducci\u00f3n del uso de fertilizantes qu\u00edmicos, la mejora de la calidad del aire y del agua, el aumento de la biodiversidad, el h\u00e1bitat de la fauna salvaje y mucho m\u00e1s.","breadcrumb":{"@id":"https:\/\/calclimateag.org\/healthysoils\/#breadcrumb"},"inLanguage":"es","potentialAction":[{"@type":"ReadAction","target":["https:\/\/calclimateag.org\/healthysoils\/"]}]},{"@type":"ImageObject","inLanguage":"es","@id":"https:\/\/calclimateag.org\/healthysoils\/#primaryimage","url":"https:\/\/i0.wp.com\/calclimateag.org\/wp-content\/uploads\/2021\/07\/Banner-HealthySoils_Credit-USDA-NRCS_Compressed.jpeg?fit=1600%2C575&ssl=1","contentUrl":"https:\/\/i0.wp.com\/calclimateag.org\/wp-content\/uploads\/2021\/07\/Banner-HealthySoils_Credit-USDA-NRCS_Compressed.jpeg?fit=1600%2C575&ssl=1","width":1600,"height":575,"caption":"Healthy-Soils"},{"@type":"BreadcrumbList","@id":"https:\/\/calclimateag.org\/healthysoils\/#breadcrumb","itemListElement":[{"@type":"ListItem","position":1,"name":"Home","item":"https:\/\/calclimateag.org\/"},{"@type":"ListItem","position":2,"name":"Healthy Soils"}]},{"@type":"WebSite","@id":"https:\/\/calclimateag.org\/#website","url":"https:\/\/calclimateag.org\/","name":"CalCAN - Red de Clima y Agricultura de California","description":"Red de Clima y Agricultura de California","potentialAction":[{"@type":"SearchAction","target":{"@type":"EntryPoint","urlTemplate":"https:\/\/calclimateag.org\/?s={search_term_string}"},"query-input":{"@type":"PropertyValueSpecification","valueRequired":true,"valueName":"search_term_string"}}],"inLanguage":"es"}]}},"jetpack_sharing_enabled":true,"jetpack_shortlink":"https:\/\/wp.me\/Pap9il-1t","jetpack-related-posts":[{"id":15031,"url":"https:\/\/calclimateag.org\/es\/publications\/the-california-healthy-soils-program-a-progress-report\/","url_meta":{"origin":91,"position":0},"title":"The California Healthy Soils Program: A Progress Report","author":"Becca Lucas","date":"agosto 27, 2021 2:04 pm","format":false,"excerpt":"Published December 2020 -\u00a0California\u2019s Healthy Soils Program (HSP) has the potential to transform California agriculture by incentivizing farmers and ranchers to transition to agricultural management practices that have a multitude of benefits to farms and society. Healthy soils practices improve yields, pest and disease management, water infiltration and retention, and\u2026","rel":"","context":"Entrada similar","block_context":{"text":"Entrada similar","link":""},"img":{"alt_text":"","src":"https:\/\/i0.wp.com\/calclimateag.org\/wp-content\/uploads\/2020\/11\/HSP-Progress-Report-Icon-233x300.jpg?resize=350%2C200&ssl=1","width":350,"height":200},"classes":[]},{"id":239,"url":"https:\/\/calclimateag.org\/es\/hsp\/","url_meta":{"origin":91,"position":1},"title":"Programa de suelos sanos","author":"Renata Brillinger","date":"septiembre 20, 2018 10:47 pm","format":false,"excerpt":"The Healthy Soils Program offers producers incentives to adopt GHG-reducing soil health practices.The program also funds on-farm demonstration projects. Healthy soils store carbon and improve crop yields, drought and flood tolerance, and air and water quality. CalCAN and our partners have been leading advocates for this program. It is coordinated\u2026","rel":"","context":"Entrada similar","block_context":{"text":"Entrada similar","link":""},"img":{"alt_text":"cover crop","src":"https:\/\/i0.wp.com\/calclimateag.org\/wp-content\/uploads\/2021\/11\/CoverCropinOrchard_USDANRCS.jpg?fit=1186%2C343&ssl=1&resize=350%2C200","width":350,"height":200,"srcset":"https:\/\/i0.wp.com\/calclimateag.org\/wp-content\/uploads\/2021\/11\/CoverCropinOrchard_USDANRCS.jpg?fit=1186%2C343&ssl=1&resize=350%2C200 1x, https:\/\/i0.wp.com\/calclimateag.org\/wp-content\/uploads\/2021\/11\/CoverCropinOrchard_USDANRCS.jpg?fit=1186%2C343&ssl=1&resize=525%2C300 1.5x, https:\/\/i0.wp.com\/calclimateag.org\/wp-content\/uploads\/2021\/11\/CoverCropinOrchard_USDANRCS.jpg?fit=1186%2C343&ssl=1&resize=700%2C400 2x, https:\/\/i0.wp.com\/calclimateag.org\/wp-content\/uploads\/2021\/11\/CoverCropinOrchard_USDANRCS.jpg?fit=1186%2C343&ssl=1&resize=1050%2C600 3x"},"classes":[]},{"id":780,"url":"https:\/\/calclimateag.org\/es\/investinginfarmers\/","url_meta":{"origin":91,"position":2},"title":"Investing in farmers and ranchers","author":"Renata Brillinger","date":"octubre 2, 2018 11:40 pm","format":false,"excerpt":"California farmers and ranchers can contribute powerful and unique climate solutions. Many California farmers and ranchers have embraced their role in responding to the climate crisis by shifting to practices that reduce gas emissions, increase carbon sinks and improve our air and water quality overall\u2014all while staying in the business\u2026","rel":"","context":"Entrada similar","block_context":{"text":"Entrada similar","link":""},"img":{"alt_text":"","src":"https:\/\/i0.wp.com\/calclimateag.org\/wp-content\/uploads\/2018\/10\/Banner-Bucket2_creditUSDA-NRCS-1.jpg?fit=1200%2C431&ssl=1&resize=350%2C200","width":350,"height":200,"srcset":"https:\/\/i0.wp.com\/calclimateag.org\/wp-content\/uploads\/2018\/10\/Banner-Bucket2_creditUSDA-NRCS-1.jpg?fit=1200%2C431&ssl=1&resize=350%2C200 1x, https:\/\/i0.wp.com\/calclimateag.org\/wp-content\/uploads\/2018\/10\/Banner-Bucket2_creditUSDA-NRCS-1.jpg?fit=1200%2C431&ssl=1&resize=525%2C300 1.5x, https:\/\/i0.wp.com\/calclimateag.org\/wp-content\/uploads\/2018\/10\/Banner-Bucket2_creditUSDA-NRCS-1.jpg?fit=1200%2C431&ssl=1&resize=700%2C400 2x, https:\/\/i0.wp.com\/calclimateag.org\/wp-content\/uploads\/2018\/10\/Banner-Bucket2_creditUSDA-NRCS-1.jpg?fit=1200%2C431&ssl=1&resize=1050%2C600 3x"},"classes":[]},{"id":12954,"url":"https:\/\/calclimateag.org\/es\/hsp-outreach\/","url_meta":{"origin":91,"position":3},"title":"Healthy Soils Program Outreach","author":"Becca Lucas","date":"abril 8, 2020 9:14 am","format":false,"excerpt":"May 15, 2020 update: The Healthy Soils Program application period has now closed with the available $22 million preliminarily awarded. Almost 600 applications were submitted requesting over $37 million in just under three months.\u00a0 The California Department of Food and Agriculture (CDFA) Healthy Soils Program has a record amount of\u2026","rel":"","context":"Entrada similar","block_context":{"text":"Entrada similar","link":""},"img":{"alt_text":"","src":"https:\/\/i0.wp.com\/calclimateag.org\/wp-content\/uploads\/2020\/04\/Organic-FAQ-thumb-234x300.jpg?resize=350%2C200&ssl=1","width":350,"height":200},"classes":[]},{"id":11785,"url":"https:\/\/calclimateag.org\/es\/national-healthy-soils-policy-network\/","url_meta":{"origin":91,"position":4},"title":"Network Member Activities","author":"Renata Brillinger","date":"septiembre 30, 2019 4:52 pm","format":false,"excerpt":"In 2020, Network members collectively engaged over 380 farmers in advancing soil health policies. They developed materials and held trainings for producers on policy advocacy and gathered input from farmers and their communities to better understand their priorities for \u00a0healthy soils policies. Members and their farmer partners met with over\u2026","rel":"","context":"Entrada similar","block_context":{"text":"Entrada similar","link":""},"img":{"alt_text":"","src":"https:\/\/i0.wp.com\/calclimateag.org\/wp-content\/uploads\/2020\/03\/MA-lobby-day1-300x225.jpg?resize=350%2C200&ssl=1","width":350,"height":200},"classes":[]},{"id":12,"url":"https:\/\/calclimateag.org\/es\/solutions\/","url_meta":{"origin":91,"position":5},"title":"Focus on Solutions","author":"Renata Brillinger","date":"agosto 23, 2018 4:03 pm","format":false,"excerpt":"Agricultural Solutions to the Climate Crisis Agriculture provides unique solutions that help farmers and ranchers not only mitigate climate change by reducing and storing greenhouse gas emissions, but also adapt to the impacts of increasingly variable weather extremes. Learn more about the solutions below.","rel":"","context":"Entrada similar","block_context":{"text":"Entrada similar","link":""},"img":{"alt_text":"","src":"https:\/\/i0.wp.com\/calclimateag.org\/wp-content\/uploads\/2021\/08\/SilvoPasture-solutionss-webpage.jpg?fit=1196%2C559&ssl=1&resize=350%2C200","width":350,"height":200,"srcset":"https:\/\/i0.wp.com\/calclimateag.org\/wp-content\/uploads\/2021\/08\/SilvoPasture-solutionss-webpage.jpg?fit=1196%2C559&ssl=1&resize=350%2C200 1x, https:\/\/i0.wp.com\/calclimateag.org\/wp-content\/uploads\/2021\/08\/SilvoPasture-solutionss-webpage.jpg?fit=1196%2C559&ssl=1&resize=525%2C300 1.5x, https:\/\/i0.wp.com\/calclimateag.org\/wp-content\/uploads\/2021\/08\/SilvoPasture-solutionss-webpage.jpg?fit=1196%2C559&ssl=1&resize=700%2C400 2x, https:\/\/i0.wp.com\/calclimateag.org\/wp-content\/uploads\/2021\/08\/SilvoPasture-solutionss-webpage.jpg?fit=1196%2C559&ssl=1&resize=1050%2C600 3x"},"classes":[]}],"jetpack_likes_enabled":false,"_links":{"self":[{"href":"https:\/\/calclimateag.org\/es\/wp-json\/wp\/v2\/pages\/91","targetHints":{"allow":["GET"]}}],"collection":[{"href":"https:\/\/calclimateag.org\/es\/wp-json\/wp\/v2\/pages"}],"about":[{"href":"https:\/\/calclimateag.org\/es\/wp-json\/wp\/v2\/types\/page"}],"author":[{"embeddable":true,"href":"https:\/\/calclimateag.org\/es\/wp-json\/wp\/v2\/users\/3"}],"replies":[{"embeddable":true,"href":"https:\/\/calclimateag.org\/es\/wp-json\/wp\/v2\/comments?post=91"}],"version-history":[{"count":38,"href":"https:\/\/calclimateag.org\/es\/wp-json\/wp\/v2\/pages\/91\/revisions"}],"predecessor-version":[{"id":24028,"href":"https:\/\/calclimateag.org\/es\/wp-json\/wp\/v2\/pages\/91\/revisions\/24028"}],"wp:featuredmedia":[{"embeddable":true,"href":"https:\/\/calclimateag.org\/es\/wp-json\/wp\/v2\/media\/14922"}],"wp:attachment":[{"href":"https:\/\/calclimateag.org\/es\/wp-json\/wp\/v2\/media?parent=91"}],"curies":[{"name":"wp","href":"https:\/\/api.w.org\/{rel}","templated":true}]}}