{"id":89,"date":"2018-09-10T19:19:29","date_gmt":"2018-09-10T19:19:29","guid":{"rendered":"https:\/\/calcanstaging.kinsta.cloud\/?page_id=89"},"modified":"2026-03-24T15:35:58","modified_gmt":"2026-03-24T22:35:58","slug":"livestockmethane","status":"publish","type":"page","link":"https:\/\/calclimateag.org\/es\/livestockmethane\/","title":{"rendered":"Metano del ganado"},"content":{"rendered":"<h2 class=\"wp-block-heading\">Las emisiones de metano de la industria l\u00e1ctea de California pueden reducirse con pr\u00e1cticas alternativas de gesti\u00f3n del esti\u00e9rcol. <\/h2>\n\n\n\n<p>California alberga la mayor industria l\u00e1ctea del pa\u00eds, con 1.400 centrales lecheras y casi 1,8 millones de vacas. La mitad de las emisiones agr\u00edcolas del estado proceden de la ganader\u00eda en forma de metano, un gas de efecto invernadero entre 30 y 70 veces m\u00e1s potente que el di\u00f3xido de carbono. Gran parte de estas emisiones de metano proceden de la gesti\u00f3n \u201ch\u00fameda\u201d del esti\u00e9rcol, por ejemplo almacen\u00e1ndolo en <a href=\"https:\/\/clear.ucdavis.edu\/explainers\/how-handling-manure-waste-dairy-cattle-impacts-greenhouse-gas-emissions-and-climate\" target=\"_blank\" rel=\"noopener\">lagunas<\/a>. La transici\u00f3n a pr\u00e1cticas de gesti\u00f3n \u201cen seco\u201d puede reducir en gran medida estas emisiones. La gesti\u00f3n alternativa del esti\u00e9rcol puede reportar otras ventajas:<\/p>\n\n\n\n<ul class=\"wp-block-list\">\n<li>Mejora de la calidad del aire y del agua<\/li>\n\n\n\n<li>Reducci\u00f3n de olores <\/li>\n\n\n\n<li>Producci\u00f3n de esti\u00e9rcol envejecido y compost<\/li>\n\n\n\n<li>Reducci\u00f3n de pat\u00f3genos <\/li>\n<\/ul>\n\n\n\r\n<div class=\"pull_out_quote_main\" id=\"calcan-secondary-button-block_90a913060c9b3f319e39cb92f99dee40\">\r\n    <div class=\"pull_out_quote_icon\">\r\n        <img decoding=\"async\" src=\"https:\/\/calclimateag.org\/wp-content\/themes\/CalClimateag\/assets\/images\/quote-icon.svg\" alt=\"icono_cita\">\r\n    <\/div>\r\n    <div class=\"pull_out_quote\">\r\n                    <p>\u201cMe parece que tener a las vacas pastando todo lo posible es mejor para el medio ambiente, ya que esparcen su propio esti\u00e9rcol y fertilizan el suelo en lugar de amontonarlo en un solo lugar\u201d<\/p>\r\n                                <div class=\"bio_author\">\r\n                <p>- \r\n                                            <b>Jarrid Bordessa,<\/b>\r\n                        L\u00e1cteos Ocean Breeze                <\/p>\r\n            <\/div>\r\n                <\/div>\r\n<\/div>\r\n\r\n\n\n\n<h3 class=\"wp-block-heading\">Gesti\u00f3n alternativa del esti\u00e9rcol<\/h3>\n\n\n\n<p>En 2015, la \u00fanica estrategia del Estado para reducir el metano era subvencionar la instalaci\u00f3n de digestores anaer\u00f3bicos para capturar el metano de las lagunas de esti\u00e9rcol de las centrales lecheras y convertirlo en energ\u00eda renovable. Sin embargo, para la mayor\u00eda de las centrales lecheras, los digestores anaer\u00f3bicos siguen estando fuera de su alcance y no son compatibles con sus operaciones debido a la escala y la econom\u00eda. <\/p>\n\n\n\n<p>Los digestores son caros, su instalaci\u00f3n cuesta entre $2 millones y $9 millones, y existen dudas sobre su viabilidad econ\u00f3mica a largo plazo y sus beneficios medioambientales. La mayor\u00eda de las explotaciones peque\u00f1as y medianas no producen suficiente esti\u00e9rcol para justificar los costes de instalaci\u00f3n de un digestor, ya que no pueden mantenerlo a tiempo completo y es poco probable que dispongan del capital necesario para tal inversi\u00f3n. Adem\u00e1s, los grupos de defensa del medio ambiente del Valle Central est\u00e1n muy preocupados por el impacto de los digestores en la calidad del aire y del agua.<\/p>\n\n\n\n<p>CalCAN y otros han abogado por un enfoque m\u00e1s diversificado para la gesti\u00f3n del esti\u00e9rcol que sea adecuado para una gama m\u00e1s amplia de lecher\u00edas y operaciones ganaderas. En 2017, California lanz\u00f3 el Programa de Gesti\u00f3n Alternativa del Esti\u00e9rcol (<a href=\"https:\/\/calclimateag.org\/es\/solutions\/ammp\/\" target=\"_blank\" rel=\"noopener\">AMMP<\/a>) para conceder subvenciones a los productores de leche y otros tipos de ganado con el fin de apoyar su transici\u00f3n hacia estrategias de manipulaci\u00f3n y almacenamiento del esti\u00e9rcol que reduzcan las emisiones de metano. Los proyectos deben incluir t\u00e9cnicas para pasar de la manipulaci\u00f3n h\u00fameda del esti\u00e9rcol, que crea las condiciones anaer\u00f3bicas que conducen a la producci\u00f3n de metano, a la manipulaci\u00f3n seca del esti\u00e9rcol o a sistemas basados en pastos. Estos enfoques incluyen la separaci\u00f3n avanzada de s\u00f3lidos, los sistemas de raspado, el esti\u00e9rcol compostado, los establos de compost y las estrategias basadas en los pastos.<\/p>\n\n\n\n<p>Seguir leyendo <a href=\"https:\/\/calclimateag.org\/es\/solutions\/ammp\/\" rel=\"noopener\">antecedentes de AMMP<\/a>.<\/p>\n\n\n\r\n<div class=\"blog_faq_section calcan_blog_faq_section\" id=\"calcan-blog-faq-section-block_7405ba150bcc5bcc87a9ba4c097f03da\">\r\n            <div class=\"blog_faq_title_block\">\r\n            <h3>Historia del proyecto de ley sobre el metano en la ganader\u00eda<\/h3>\r\n        <\/div>\r\n                <div class=\"site-desc\">\r\n            <p>CalCAN patrocin\u00f3 o desempe\u00f1\u00f3 un papel principal en los siguientes proyectos de ley relacionados que fueron aprobados y convertidos en ley.<\/p>\n        <\/div>\r\n        \r\n        <div class=\"blog_faq_outer calcan_blog_accordion\">\r\n                                    <div class=\"blog_faq_block\">\r\n                            <div class=\"blog_faq_header\"><p>AB 1532 (2012)<\/p>\r\n                                <div class=\"blog_faq_arrow\"><img decoding=\"async\" src=\"https:\/\/calclimateag.org\/wp-content\/themes\/CalClimateag\/assets\/images\/angle_down.svg\" alt=\"\"><\/div>\r\n                            <\/div>\r\n                            <div class=\"blog_faq_inner_block\">\r\n                                <div class=\"site-desc\">\r\n                                    <p><a href=\"https:\/\/leginfo.legislature.ca.gov\/faces\/billTextClient.xhtml?bill_id=201120120AB1532\" target=\"_blank\" rel=\"noopener noreferrer\">AB 1532<\/a><span> (2012) - Presentado por el Presidente John P\u00e9rez, el proyecto de ley incluye la agricultura sostenible como un \u00e1rea de financiaci\u00f3n elegible para la inversi\u00f3n de tope y comercio. Esta ha sido una importante fuente de financiaci\u00f3n para el AMMP del CDFA.<\/span><\/p>\n                                <\/div>\r\n                            <\/div>\r\n                        <\/div>\r\n                                                <div class=\"blog_faq_block\">\r\n                            <div class=\"blog_faq_header\"><p>SB 252 (2017) <\/p>\r\n                                <div class=\"blog_faq_arrow\"><img decoding=\"async\" src=\"https:\/\/calclimateag.org\/wp-content\/themes\/CalClimateag\/assets\/images\/angle_down.svg\" alt=\"\"><\/div>\r\n                            <\/div>\r\n                            <div class=\"blog_faq_inner_block\">\r\n                                <div class=\"site-desc\">\r\n                                    <p><a href=\"https:\/\/calclimateag.org\/es\/well-drilling-transparency-bill\/\" target=\"_blank\" rel=\"noopener\">SB 252<\/a> (2017) - Presentado por el senador Bill Dodd, este proyecto de ley respondi\u00f3 a las preocupaciones sobre las aguas subterr\u00e1neas de muchos agricultores familiares y residentes rurales al exigir a los gobiernos locales de las cuencas de aguas subterr\u00e1neas cr\u00edticamente sobreexplotadas que soliciten informaci\u00f3n adicional sobre los nuevos permisos de pozos y pongan la informaci\u00f3n a disposici\u00f3n del p\u00fablico.<\/p>\n                                <\/div>\r\n                            <\/div>\r\n                        <\/div>\r\n                                                <div class=\"blog_faq_block\">\r\n                            <div class=\"blog_faq_header\"><p>AB 2377 (2018)<\/p>\r\n                                <div class=\"blog_faq_arrow\"><img decoding=\"async\" src=\"https:\/\/calclimateag.org\/wp-content\/themes\/CalClimateag\/assets\/images\/angle_down.svg\" alt=\"\"><\/div>\r\n                            <\/div>\r\n                            <div class=\"blog_faq_inner_block\">\r\n                                <div class=\"site-desc\">\r\n                                    <p><a href=\"https:\/\/calclimateag.org\/es\/bill-to-help-farmers-fight-climate-change-signed-by-the-governor\/\" target=\"_blank\" rel=\"noopener\">AB 2377<\/a> (2018) - De autor\u00eda de la asamble\u00edsta Jacqui Irwin, este proyecto de ley financia la asistencia t\u00e9cnica para agricultores y ganaderos que buscan la transici\u00f3n a pr\u00e1cticas de Agricultura Clim\u00e1ticamente Inteligente a trav\u00e9s de SWEEP y otros programas.<\/p>\n                                <\/div>\r\n                            <\/div>\r\n                        <\/div>\r\n                                   \r\n            \r\n        <\/div>\r\n    \r\n<\/div>","protected":false},"excerpt":{"rendered":"<p>The methane emissions from California dairy industry can be reduced with alternative manure management practices. California is home to the country\u2019s&#8230;<\/p>","protected":false},"author":3,"featured_media":14944,"parent":0,"menu_order":0,"comment_status":"closed","ping_status":"closed","template":"","meta":{"_acf_changed":false,"inline_featured_image":false,"_monsterinsights_skip_tracking":false,"_monsterinsights_sitenote_active":false,"_monsterinsights_sitenote_note":"","_monsterinsights_sitenote_category":0,"jetpack_post_was_ever_published":false,"footnotes":""},"class_list":["post-89","page","type-page","status-publish","has-post-thumbnail","hentry"],"acf":[],"yoast_head":"<!-- This site is optimized with the Yoast SEO plugin v27.5 - https:\/\/yoast.com\/product\/yoast-seo-wordpress\/ -->\n<title>Livestock Methane | CalCAN - California Climate &amp; Agriculture Network<\/title>\n<meta name=\"robots\" content=\"index, follow, max-snippet:-1, max-image-preview:large, max-video-preview:-1\" \/>\n<link rel=\"canonical\" href=\"https:\/\/calclimateag.org\/es\/livestockmethane\/\" \/>\n<meta property=\"og:locale\" content=\"es_ES\" \/>\n<meta property=\"og:type\" content=\"article\" \/>\n<meta property=\"og:title\" content=\"Livestock Methane | CalCAN - California Climate &amp; Agriculture Network\" \/>\n<meta property=\"og:description\" content=\"The methane emissions from California dairy industry can be reduced with alternative manure management practices. California is home to the country\u2019s...\" \/>\n<meta property=\"og:url\" content=\"https:\/\/calclimateag.org\/es\/livestockmethane\/\" \/>\n<meta property=\"og:site_name\" content=\"CalCAN - California Climate &amp; Agriculture Network\" \/>\n<meta property=\"article:modified_time\" content=\"2026-03-24T22:35:58+00:00\" \/>\n<meta property=\"og:image\" content=\"https:\/\/calclimateag.org\/wp-content\/uploads\/2021\/07\/Cows-with-Tour-Group-Behind_Hughes-Dairy-Farm-Tour-7-26-17-compressed-e1627602928894.jpeg\" \/>\n\t<meta property=\"og:image:width\" content=\"1800\" \/>\n\t<meta property=\"og:image:height\" content=\"805\" \/>\n\t<meta property=\"og:image:type\" content=\"image\/jpeg\" \/>\n<meta name=\"twitter:card\" content=\"summary_large_image\" \/>\n<meta name=\"twitter:label1\" content=\"Tiempo de lectura\" \/>\n\t<meta name=\"twitter:data1\" content=\"2 minutos\" \/>\n<script type=\"application\/ld+json\" class=\"yoast-schema-graph\">{\"@context\":\"https:\\\/\\\/schema.org\",\"@graph\":[{\"@type\":\"WebPage\",\"@id\":\"https:\\\/\\\/calclimateag.org\\\/livestockmethane\\\/\",\"url\":\"https:\\\/\\\/calclimateag.org\\\/livestockmethane\\\/\",\"name\":\"Livestock Methane | CalCAN - California Climate &amp; Agriculture Network\",\"isPartOf\":{\"@id\":\"https:\\\/\\\/calclimateag.org\\\/#website\"},\"primaryImageOfPage\":{\"@id\":\"https:\\\/\\\/calclimateag.org\\\/livestockmethane\\\/#primaryimage\"},\"image\":{\"@id\":\"https:\\\/\\\/calclimateag.org\\\/livestockmethane\\\/#primaryimage\"},\"thumbnailUrl\":\"https:\\\/\\\/i0.wp.com\\\/calclimateag.org\\\/wp-content\\\/uploads\\\/2021\\\/07\\\/Cows-with-Tour-Group-Behind_Hughes-Dairy-Farm-Tour-7-26-17-compressed-e1627602928894.jpeg?fit=1800%2C805&ssl=1\",\"datePublished\":\"2018-09-10T19:19:29+00:00\",\"dateModified\":\"2026-03-24T22:35:58+00:00\",\"breadcrumb\":{\"@id\":\"https:\\\/\\\/calclimateag.org\\\/livestockmethane\\\/#breadcrumb\"},\"inLanguage\":\"es\",\"potentialAction\":[{\"@type\":\"ReadAction\",\"target\":[\"https:\\\/\\\/calclimateag.org\\\/livestockmethane\\\/\"]}]},{\"@type\":\"ImageObject\",\"inLanguage\":\"es\",\"@id\":\"https:\\\/\\\/calclimateag.org\\\/livestockmethane\\\/#primaryimage\",\"url\":\"https:\\\/\\\/i0.wp.com\\\/calclimateag.org\\\/wp-content\\\/uploads\\\/2021\\\/07\\\/Cows-with-Tour-Group-Behind_Hughes-Dairy-Farm-Tour-7-26-17-compressed-e1627602928894.jpeg?fit=1800%2C805&ssl=1\",\"contentUrl\":\"https:\\\/\\\/i0.wp.com\\\/calclimateag.org\\\/wp-content\\\/uploads\\\/2021\\\/07\\\/Cows-with-Tour-Group-Behind_Hughes-Dairy-Farm-Tour-7-26-17-compressed-e1627602928894.jpeg?fit=1800%2C805&ssl=1\",\"width\":1800,\"height\":805,\"caption\":\"livestock methane\"},{\"@type\":\"BreadcrumbList\",\"@id\":\"https:\\\/\\\/calclimateag.org\\\/livestockmethane\\\/#breadcrumb\",\"itemListElement\":[{\"@type\":\"ListItem\",\"position\":1,\"name\":\"Home\",\"item\":\"https:\\\/\\\/calclimateag.org\\\/\"},{\"@type\":\"ListItem\",\"position\":2,\"name\":\"Livestock Methane\"}]},{\"@type\":\"WebSite\",\"@id\":\"https:\\\/\\\/calclimateag.org\\\/#website\",\"url\":\"https:\\\/\\\/calclimateag.org\\\/\",\"name\":\"CalCAN - California Climate &amp; Agriculture Network\",\"description\":\"California Climate &amp; Agriculture Network\",\"potentialAction\":[{\"@type\":\"SearchAction\",\"target\":{\"@type\":\"EntryPoint\",\"urlTemplate\":\"https:\\\/\\\/calclimateag.org\\\/?s={search_term_string}\"},\"query-input\":{\"@type\":\"PropertyValueSpecification\",\"valueRequired\":true,\"valueName\":\"search_term_string\"}}],\"inLanguage\":\"es\"}]}<\/script>\n<!-- \/ Yoast SEO plugin. -->","yoast_head_json":{"title":"Livestock Methane | CalCAN - California Climate &amp; Agriculture Network","robots":{"index":"index","follow":"follow","max-snippet":"max-snippet:-1","max-image-preview":"max-image-preview:large","max-video-preview":"max-video-preview:-1"},"canonical":"https:\/\/calclimateag.org\/es\/livestockmethane\/","og_locale":"es_ES","og_type":"article","og_title":"Livestock Methane | CalCAN - California Climate &amp; Agriculture Network","og_description":"The methane emissions from California dairy industry can be reduced with alternative manure management practices. California is home to the country\u2019s...","og_url":"https:\/\/calclimateag.org\/es\/livestockmethane\/","og_site_name":"CalCAN - California Climate &amp; Agriculture Network","article_modified_time":"2026-03-24T22:35:58+00:00","og_image":[{"width":1800,"height":805,"url":"https:\/\/calclimateag.org\/wp-content\/uploads\/2021\/07\/Cows-with-Tour-Group-Behind_Hughes-Dairy-Farm-Tour-7-26-17-compressed-e1627602928894.jpeg","type":"image\/jpeg"}],"twitter_card":"summary_large_image","twitter_misc":{"Tiempo de lectura":"2 minutos"},"schema":{"@context":"https:\/\/schema.org","@graph":[{"@type":"WebPage","@id":"https:\/\/calclimateag.org\/livestockmethane\/","url":"https:\/\/calclimateag.org\/livestockmethane\/","name":"Livestock Methane | CalCAN - California Climate &amp; Agriculture Network","isPartOf":{"@id":"https:\/\/calclimateag.org\/#website"},"primaryImageOfPage":{"@id":"https:\/\/calclimateag.org\/livestockmethane\/#primaryimage"},"image":{"@id":"https:\/\/calclimateag.org\/livestockmethane\/#primaryimage"},"thumbnailUrl":"https:\/\/i0.wp.com\/calclimateag.org\/wp-content\/uploads\/2021\/07\/Cows-with-Tour-Group-Behind_Hughes-Dairy-Farm-Tour-7-26-17-compressed-e1627602928894.jpeg?fit=1800%2C805&ssl=1","datePublished":"2018-09-10T19:19:29+00:00","dateModified":"2026-03-24T22:35:58+00:00","breadcrumb":{"@id":"https:\/\/calclimateag.org\/livestockmethane\/#breadcrumb"},"inLanguage":"es","potentialAction":[{"@type":"ReadAction","target":["https:\/\/calclimateag.org\/livestockmethane\/"]}]},{"@type":"ImageObject","inLanguage":"es","@id":"https:\/\/calclimateag.org\/livestockmethane\/#primaryimage","url":"https:\/\/i0.wp.com\/calclimateag.org\/wp-content\/uploads\/2021\/07\/Cows-with-Tour-Group-Behind_Hughes-Dairy-Farm-Tour-7-26-17-compressed-e1627602928894.jpeg?fit=1800%2C805&ssl=1","contentUrl":"https:\/\/i0.wp.com\/calclimateag.org\/wp-content\/uploads\/2021\/07\/Cows-with-Tour-Group-Behind_Hughes-Dairy-Farm-Tour-7-26-17-compressed-e1627602928894.jpeg?fit=1800%2C805&ssl=1","width":1800,"height":805,"caption":"livestock methane"},{"@type":"BreadcrumbList","@id":"https:\/\/calclimateag.org\/livestockmethane\/#breadcrumb","itemListElement":[{"@type":"ListItem","position":1,"name":"Home","item":"https:\/\/calclimateag.org\/"},{"@type":"ListItem","position":2,"name":"Livestock Methane"}]},{"@type":"WebSite","@id":"https:\/\/calclimateag.org\/#website","url":"https:\/\/calclimateag.org\/","name":"CalCAN - Red de Clima y Agricultura de California","description":"Red de Clima y Agricultura de California","potentialAction":[{"@type":"SearchAction","target":{"@type":"EntryPoint","urlTemplate":"https:\/\/calclimateag.org\/?s={search_term_string}"},"query-input":{"@type":"PropertyValueSpecification","valueRequired":true,"valueName":"search_term_string"}}],"inLanguage":"es"}]}},"jetpack_sharing_enabled":true,"jetpack_shortlink":"https:\/\/wp.me\/Pap9il-1r","jetpack-related-posts":[{"id":223,"url":"https:\/\/calclimateag.org\/es\/ammp\/","url_meta":{"origin":89,"position":0},"title":"Programa alternativo de gesti\u00f3n del esti\u00e9rcol","author":"Renata Brillinger","date":"septiembre 19, 2018 6:52 pm","format":false,"excerpt":"The first program of its kind, the Alternative Manure Management Program (AMMP) provides grants of up to $750,000 for implementation of non-digester dairy manure management strategies that reduce methane emissions. Specific eligible practices include composting, dry scrape, advanced solids separation, and conversion to or expansion of pasture-based systems. Projects must\u2026","rel":"","context":"Entrada similar","block_context":{"text":"Entrada similar","link":""},"img":{"alt_text":"alternative manure management program","src":"https:\/\/i0.wp.com\/calclimateag.org\/wp-content\/uploads\/2021\/07\/Cows_DairyMethane_Compressed-e1627602766423.jpeg?fit=1200%2C525&ssl=1&resize=350%2C200","width":350,"height":200,"srcset":"https:\/\/i0.wp.com\/calclimateag.org\/wp-content\/uploads\/2021\/07\/Cows_DairyMethane_Compressed-e1627602766423.jpeg?fit=1200%2C525&ssl=1&resize=350%2C200 1x, https:\/\/i0.wp.com\/calclimateag.org\/wp-content\/uploads\/2021\/07\/Cows_DairyMethane_Compressed-e1627602766423.jpeg?fit=1200%2C525&ssl=1&resize=525%2C300 1.5x, https:\/\/i0.wp.com\/calclimateag.org\/wp-content\/uploads\/2021\/07\/Cows_DairyMethane_Compressed-e1627602766423.jpeg?fit=1200%2C525&ssl=1&resize=700%2C400 2x, https:\/\/i0.wp.com\/calclimateag.org\/wp-content\/uploads\/2021\/07\/Cows_DairyMethane_Compressed-e1627602766423.jpeg?fit=1200%2C525&ssl=1&resize=1050%2C600 3x"},"classes":[]},{"id":24063,"url":"https:\/\/calclimateag.org\/es\/ammp-methane-report\/","url_meta":{"origin":89,"position":1},"title":"Reassessing the Role of Alternative Manure Management in California\u2019s Methane Reduction Strategy","author":"JCAWebCare","date":"marzo 27, 2026 5:42 am","format":false,"excerpt":"Reassessing the Role of Alternative Manure Management in California\u2019s Methane Reduction Strategy CalCAN\u2019s latest report highlights the potential of Alternative Manure Management to achieve California\u2019s looming climate goals. The report notes that alternative manure management is a cost-effective way to reduce methane on dairies while offering major co-benefits such as\u2026","rel":"","context":"Entrada similar","block_context":{"text":"Entrada similar","link":""},"img":{"alt_text":"Cows_DairyMethane_Compressed","src":"https:\/\/i0.wp.com\/calclimateag.org\/wp-content\/uploads\/2026\/03\/Cows_DairyMethane_Compressed-e1627602766423.jpeg?fit=1200%2C525&ssl=1&resize=350%2C200","width":350,"height":200,"srcset":"https:\/\/i0.wp.com\/calclimateag.org\/wp-content\/uploads\/2026\/03\/Cows_DairyMethane_Compressed-e1627602766423.jpeg?fit=1200%2C525&ssl=1&resize=350%2C200 1x, https:\/\/i0.wp.com\/calclimateag.org\/wp-content\/uploads\/2026\/03\/Cows_DairyMethane_Compressed-e1627602766423.jpeg?fit=1200%2C525&ssl=1&resize=525%2C300 1.5x, https:\/\/i0.wp.com\/calclimateag.org\/wp-content\/uploads\/2026\/03\/Cows_DairyMethane_Compressed-e1627602766423.jpeg?fit=1200%2C525&ssl=1&resize=700%2C400 2x, https:\/\/i0.wp.com\/calclimateag.org\/wp-content\/uploads\/2026\/03\/Cows_DairyMethane_Compressed-e1627602766423.jpeg?fit=1200%2C525&ssl=1&resize=1050%2C600 3x"},"classes":[]},{"id":780,"url":"https:\/\/calclimateag.org\/es\/investinginfarmers\/","url_meta":{"origin":89,"position":2},"title":"Investing in farmers and ranchers","author":"Renata Brillinger","date":"octubre 2, 2018 11:40 pm","format":false,"excerpt":"California farmers and ranchers can contribute powerful and unique climate solutions. Many California farmers and ranchers have embraced their role in responding to the climate crisis by shifting to practices that reduce gas emissions, increase carbon sinks and improve our air and water quality overall\u2014all while staying in the business\u2026","rel":"","context":"Entrada similar","block_context":{"text":"Entrada similar","link":""},"img":{"alt_text":"","src":"https:\/\/i0.wp.com\/calclimateag.org\/wp-content\/uploads\/2018\/10\/Banner-Bucket2_creditUSDA-NRCS-1.jpg?fit=1200%2C431&ssl=1&resize=350%2C200","width":350,"height":200,"srcset":"https:\/\/i0.wp.com\/calclimateag.org\/wp-content\/uploads\/2018\/10\/Banner-Bucket2_creditUSDA-NRCS-1.jpg?fit=1200%2C431&ssl=1&resize=350%2C200 1x, https:\/\/i0.wp.com\/calclimateag.org\/wp-content\/uploads\/2018\/10\/Banner-Bucket2_creditUSDA-NRCS-1.jpg?fit=1200%2C431&ssl=1&resize=525%2C300 1.5x, https:\/\/i0.wp.com\/calclimateag.org\/wp-content\/uploads\/2018\/10\/Banner-Bucket2_creditUSDA-NRCS-1.jpg?fit=1200%2C431&ssl=1&resize=700%2C400 2x, https:\/\/i0.wp.com\/calclimateag.org\/wp-content\/uploads\/2018\/10\/Banner-Bucket2_creditUSDA-NRCS-1.jpg?fit=1200%2C431&ssl=1&resize=1050%2C600 3x"},"classes":[]},{"id":788,"url":"https:\/\/calclimateag.org\/es\/agpolicyclimatesolutions\/","url_meta":{"origin":89,"position":3},"title":"Policy can unleash agriculture\u2019s climate solutions","author":"Renata Brillinger","date":"octubre 3, 2018 12:47 am","format":false,"excerpt":"Agriculture's climate solutions are essential for reaching California's climate goals. California is a global trailblazer on climate policy with its ambitious climate change law. The CalCAN coalition has engaged as an advocate for sustainable and organic agriculture on all of the agricultural initiatives summarized below. Climate Smart Agriculture Programs The\u2026","rel":"","context":"Entrada similar","block_context":{"text":"Entrada similar","link":""},"img":{"alt_text":"","src":"https:\/\/i0.wp.com\/calclimateag.org\/wp-content\/uploads\/2018\/10\/Banner-Bucket3.jpg?fit=1200%2C431&ssl=1&resize=350%2C200","width":350,"height":200,"srcset":"https:\/\/i0.wp.com\/calclimateag.org\/wp-content\/uploads\/2018\/10\/Banner-Bucket3.jpg?fit=1200%2C431&ssl=1&resize=350%2C200 1x, https:\/\/i0.wp.com\/calclimateag.org\/wp-content\/uploads\/2018\/10\/Banner-Bucket3.jpg?fit=1200%2C431&ssl=1&resize=525%2C300 1.5x, https:\/\/i0.wp.com\/calclimateag.org\/wp-content\/uploads\/2018\/10\/Banner-Bucket3.jpg?fit=1200%2C431&ssl=1&resize=700%2C400 2x, https:\/\/i0.wp.com\/calclimateag.org\/wp-content\/uploads\/2018\/10\/Banner-Bucket3.jpg?fit=1200%2C431&ssl=1&resize=1050%2C600 3x"},"classes":[]},{"id":18269,"url":"https:\/\/calclimateag.org\/es\/currentcampaigns\/cows-act\/","url_meta":{"origin":89,"position":4},"title":"Ley para la Conversi\u00f3n Sostenible de Nuestros Residuos (COWS)","author":"Renata Brillinger","date":"agosto 3, 2023 6:10 am","format":false,"excerpt":"The COWS Act would establish a new federal manure management conservation program that reduces methane emissions on dairies while improving the economic viability of small and medium-sized dairies and offering an alternative to anaerobic digesters.\u00a0The proposed\u00a0program\u00a0is modeled on\u00a0California's\u00a0successful and popular\u00a0Alternative Manure Management Program\u00a0(AMMP). The COWS Act would extend these voluntary\u2026","rel":"","context":"Entrada similar","block_context":{"text":"Entrada similar","link":""},"img":{"alt_text":"","src":"https:\/\/i0.wp.com\/calclimateag.org\/wp-content\/uploads\/2023\/08\/NSAC-logo-300x69.jpg?resize=350%2C200&ssl=1","width":350,"height":200},"classes":[]}],"jetpack_likes_enabled":false,"_links":{"self":[{"href":"https:\/\/calclimateag.org\/es\/wp-json\/wp\/v2\/pages\/89","targetHints":{"allow":["GET"]}}],"collection":[{"href":"https:\/\/calclimateag.org\/es\/wp-json\/wp\/v2\/pages"}],"about":[{"href":"https:\/\/calclimateag.org\/es\/wp-json\/wp\/v2\/types\/page"}],"author":[{"embeddable":true,"href":"https:\/\/calclimateag.org\/es\/wp-json\/wp\/v2\/users\/3"}],"replies":[{"embeddable":true,"href":"https:\/\/calclimateag.org\/es\/wp-json\/wp\/v2\/comments?post=89"}],"version-history":[{"count":31,"href":"https:\/\/calclimateag.org\/es\/wp-json\/wp\/v2\/pages\/89\/revisions"}],"predecessor-version":[{"id":24030,"href":"https:\/\/calclimateag.org\/es\/wp-json\/wp\/v2\/pages\/89\/revisions\/24030"}],"wp:featuredmedia":[{"embeddable":true,"href":"https:\/\/calclimateag.org\/es\/wp-json\/wp\/v2\/media\/14944"}],"wp:attachment":[{"href":"https:\/\/calclimateag.org\/es\/wp-json\/wp\/v2\/media?parent=89"}],"curies":[{"name":"wp","href":"https:\/\/api.w.org\/{rel}","templated":true}]}}