{"id":19412,"date":"2025-08-09T06:17:23","date_gmt":"2025-08-09T13:17:23","guid":{"rendered":"https:\/\/calcanstaging.kinsta.cloud\/?page_id=19412"},"modified":"2026-04-05T05:55:44","modified_gmt":"2026-04-05T12:55:44","slug":"immigration-related-resources","status":"publish","type":"page","link":"https:\/\/calclimateag.org\/es\/immigration-related-resources\/","title":{"rendered":"Immigration-Related Resources"},"content":{"rendered":"<h2 class=\"wp-block-heading\">To help support immigrant communities in agriculture, we\u2019ve compiled trusted tools and information to help connect individuals with resources. <\/h2>\n\n\n\n<p>Whether you\u2019re an employer, employee, or community advocate, these resources are available to help you navigate this complex and evolving landscape.<\/p>\n\n\n\n<h3 class=\"wp-block-heading\">Immigration Clearinghouse<\/h3>\n\n\n\n<p>Our friends Community Alliance with Family Farmers (CAFF) have created an interactive, regionally-organized hub of legal, safety, and advocacy resources. Whether you\u2019re seeking to learn about your rights and responsibilities as an employer, support your workers, or stand in solidarity, this resource is here to help you take informed action.<\/p>\n\n\n\n<p>Access the <a href=\"https:\/\/caff.org\/immigration-clearinghouse\/\">CAFF Immigration Clearinghouse<\/a>.<\/p>\n\n\n\n<hr class=\"wp-block-separator has-alpha-channel-opacity\"\/>\n\n\n\n<h3 class=\"wp-block-heading\">For Employers<\/h3>\n\n\n\n<p><a href=\"https:\/\/calclimateag.org\/wp-content\/uploads\/2025\/08\/Dealing-with-Immigration-Enforcement-Agencies_-Suggestions-and-Courses-of-Action-for-Ag-Employers-Farm-Employers-Labor-Service-1.pdf\">Dealing with Immigration Enforcement Agencies: Suggestions and Courses of Action for Ag Employers&nbsp;<\/a><br><em>Farm Employers Labor Service<\/em><\/p>\n\n\n\n<p><a href=\"https:\/\/docs.google.com\/presentation\/d\/1ENX3AKpu-Qzi4HRPQ6aEglQLIQNbp0yE\/edit?slide=id.p1#slide=id.p1\">La Migra is at the Door! What Do I Do? Immigration-Related Enforcement Agencies and Best Practices<\/a><br><em>Farm Employers Labor Service and CA Farm Bureau Federation<\/em><\/p>\n\n\n\n<p><a href=\"https:\/\/calclimateag.org\/wp-content\/uploads\/2025\/08\/1.23.25-Immigration-Enforcement-Alert-003-Public-Counsel.pdf\">Nonprofit and Small Business Rights with Respect to Immigration and Customs Enforcement<\/a><br><em>Public Counsel<\/em><\/p>\n\n\n\n<p><a href=\"https:\/\/calclimateag.org\/wp-content\/uploads\/2025\/08\/Copy-of-Immigration-Response-Resources-for-Employers-English-PDF.pdf\">Resources for Employers<\/a><br><a href=\"https:\/\/calclimateag.org\/wp-content\/uploads\/2025\/08\/Copy-of-Immigration-Response-Resources-for-Employers-Espanol-PDF.pdf\">Recursos para Empleadores<\/a><br><em>National Immigration Law Center<\/em><\/p>\n\n\n\n<p><em>Immigrant Worker Protection Act (Assembly Bill 450)<\/em> \u2013<a href=\"https:\/\/calclimateag.org\/wp-content\/uploads\/2025\/08\/CA-EMPLOYER-ab450-faqs-FEB-2025.pdf\"> Preguntas frecuentes<\/a><\/p>\n\n\n\n<hr class=\"wp-block-separator has-alpha-channel-opacity\"\/>\n\n\n\n<h3 class=\"wp-block-heading\">For Employees<\/h3>\n\n\n\n<p><a href=\"https:\/\/calclimateag.org\/wp-content\/uploads\/2025\/08\/Copy-of-Immigration-Response-Resources-for-Individuals-English-PDF.pdf\">Immigration Response Resources for Individuals<\/a><br><a href=\"https:\/\/calclimateag.org\/wp-content\/uploads\/2025\/08\/Copy-of-Immigration-Response-Resources-for-Individuals-Espanol-PDF.pdf\">Recursos de Respuesta de Inmigraci\u00f3n para Individuos<\/a><\/p>\n\n\n\n<p><a href=\"https:\/\/calclimateag.org\/wp-content\/uploads\/2025\/07\/Know-your-rights-spanish.pdf\">Conozca sus Derechos<\/a><br><a href=\"https:\/\/calclimateag.org\/wp-content\/uploads\/2025\/07\/know-your-rights-english-Rights-No-Matter-Who-Is-Pres_FINAL.pdf\">Know Your Rights<\/a><br><em>National Immigration Law Center<\/em><\/p>\n\n\n\n<p><a href=\"https:\/\/www.maldef.org\/wp-content\/uploads\/2019\/07\/MALDEF-Know-Your-Rights-Flyer-Spanish-1.pdf\">Conozca sus Derechos<\/a> (una pagina)<br><a href=\"https:\/\/www.maldef.org\/wp-content\/uploads\/2019\/07\/MALDEF-Know-Your-Rights-Flyer-English.pdf\">Know Your Rights<\/a> (one page)<br><em>Mexican American Legal Defense and Educational Fund (MALDEF)<\/em><\/p>\n\n\n\n<p><a href=\"https:\/\/calclimateag.org\/wp-content\/uploads\/2025\/08\/Exercise-Your-Rights-Card-English.pdf\">Exercise Your Rights Card<\/a><br><em>Coalition for Humane Immigrant Rights<\/em><\/p>\n\n\n\n<p><a href=\"https:\/\/www.immigrationadvocates.org\/legaldirectory\/\">National Immigration Legal Services Directory<\/a><br>Search for immigration legal services providers by state, county, or detention facility. Only nonprofit organizations that provide free or low-cost immigration legal services are included in this directory.<\/p>\n\n\n\n<hr class=\"wp-block-separator has-alpha-channel-opacity\"\/>\n\n\n\n<h3 class=\"wp-block-heading\">Community &amp; Family Resources<\/h3>\n\n\n\n<p><a href=\"https:\/\/www.nilc.org\/resources\/como-encontrar-a-un-ser-querido-despues-de-un-arresto-de-inmigracion-en-ee-uu\/\">C\u00f3mo encontrar a un ser querido despu\u00e9s de un arresto de inmigraci\u00f3n en EE. UU.<\/a><br><a href=\"https:\/\/www.nilc.org\/resources\/how-to-find-a-loved-one-after-a-u-s-immigration-arrest\/\">How to Find a Loved One After a U.S. Immigration Arrest<\/a><br><em>National Immigration Law Center<\/em><\/p>\n\n\n\n<p><a href=\"https:\/\/www.instagram.com\/p\/DMJQUu3hh4E\/\">How to Locate and Send Money to a Loved One Detained by ICE<\/a><br><em>Mixteco Ind\u00edgena Community Organizing Project<\/em><\/p>\n\n\n\n<p><a href=\"https:\/\/calclimateag.org\/wp-content\/uploads\/2025\/08\/Plan-De-Preparacion-Familiar_Nov-2024.pdf\">Plan de Preparaci\u00f3n Familiar<\/a><br><a href=\"https:\/\/calclimateag.org\/wp-content\/uploads\/2025\/08\/Step-by-Step-Family-Preparedness-Plan_ENG_FULL_Nov-2024.pdf\">Step-by-step Family Preparedness Plan<\/a><br><em>Immigrant Legal Resource Center<\/em><\/p>\n\n\n\n<p><a href=\"https:\/\/calclimateag.org\/wp-content\/uploads\/2025\/08\/Copy-of-Childcare-Safety-Plan.pdf\">Plan de Seguridad para el Cuidado de Hijos Menores<\/a><br><a href=\"https:\/\/calclimateag.org\/wp-content\/uploads\/2025\/08\/Copy-of-Childcare-Safety-Plan.pdf\">Childcare Safety Plan<\/a><\/p>\n\n\n\n<p><a href=\"https:\/\/www.ccijustice.org\/carrn\">Rapid Response Hotlines<\/a><br><em>California Collaborative for Immigrant Justice<\/em><\/p>","protected":false},"excerpt":{"rendered":"<p>To help support immigrant communities in agriculture, we\u2019ve compiled trusted tools and information to help connect individuals with resources. Whether you\u2019re&#8230;<\/p>","protected":false},"author":30,"featured_media":18970,"parent":0,"menu_order":0,"comment_status":"closed","ping_status":"closed","template":"","meta":{"_acf_changed":false,"inline_featured_image":false,"_monsterinsights_skip_tracking":false,"_monsterinsights_sitenote_active":false,"_monsterinsights_sitenote_note":"","_monsterinsights_sitenote_category":0,"jetpack_post_was_ever_published":false,"footnotes":""},"class_list":["post-19412","page","type-page","status-publish","has-post-thumbnail","hentry"],"acf":[],"yoast_head":"<!-- This site is optimized with the Yoast SEO plugin v27.3 - https:\/\/yoast.com\/product\/yoast-seo-wordpress\/ -->\n<title>Immigration-Related Resources | CalCAN - California Climate &amp; Agriculture Network<\/title>\n<meta name=\"robots\" content=\"index, follow, max-snippet:-1, max-image-preview:large, max-video-preview:-1\" \/>\n<link rel=\"canonical\" href=\"https:\/\/calclimateag.org\/es\/immigration-related-resources\/\" \/>\n<meta property=\"og:locale\" content=\"es_ES\" \/>\n<meta property=\"og:type\" content=\"article\" \/>\n<meta property=\"og:title\" content=\"Immigration-Related Resources | CalCAN - California Climate &amp; Agriculture Network\" \/>\n<meta property=\"og:description\" content=\"To help support immigrant communities in agriculture, we\u2019ve compiled trusted tools and information to help connect individuals with resources. Whether you\u2019re...\" \/>\n<meta property=\"og:url\" content=\"https:\/\/calclimateag.org\/es\/immigration-related-resources\/\" \/>\n<meta property=\"og:site_name\" content=\"CalCAN - California Climate &amp; Agriculture Network\" \/>\n<meta property=\"article:modified_time\" content=\"2026-04-05T12:55:44+00:00\" \/>\n<meta property=\"og:image\" content=\"https:\/\/calclimateag.org\/wp-content\/uploads\/2024\/09\/StormHay_field-213364_1280-e1775393713661.jpg\" \/>\n\t<meta property=\"og:image:width\" content=\"750\" \/>\n\t<meta property=\"og:image:height\" content=\"325\" \/>\n\t<meta property=\"og:image:type\" content=\"image\/jpeg\" \/>\n<meta name=\"twitter:card\" content=\"summary_large_image\" \/>\n<meta name=\"twitter:label1\" content=\"Tiempo de lectura\" \/>\n\t<meta name=\"twitter:data1\" content=\"2 minutos\" \/>\n<script type=\"application\/ld+json\" class=\"yoast-schema-graph\">{\"@context\":\"https:\\\/\\\/schema.org\",\"@graph\":[{\"@type\":\"WebPage\",\"@id\":\"https:\\\/\\\/calclimateag.org\\\/immigration-related-resources\\\/\",\"url\":\"https:\\\/\\\/calclimateag.org\\\/immigration-related-resources\\\/\",\"name\":\"Immigration-Related Resources | CalCAN - California Climate &amp; Agriculture Network\",\"isPartOf\":{\"@id\":\"https:\\\/\\\/calclimateag.org\\\/#website\"},\"primaryImageOfPage\":{\"@id\":\"https:\\\/\\\/calclimateag.org\\\/immigration-related-resources\\\/#primaryimage\"},\"image\":{\"@id\":\"https:\\\/\\\/calclimateag.org\\\/immigration-related-resources\\\/#primaryimage\"},\"thumbnailUrl\":\"https:\\\/\\\/i0.wp.com\\\/calclimateag.org\\\/wp-content\\\/uploads\\\/2024\\\/09\\\/StormHay_field-213364_1280-e1775393713661.jpg?fit=750%2C325&ssl=1\",\"datePublished\":\"2025-08-09T13:17:23+00:00\",\"dateModified\":\"2026-04-05T12:55:44+00:00\",\"breadcrumb\":{\"@id\":\"https:\\\/\\\/calclimateag.org\\\/immigration-related-resources\\\/#breadcrumb\"},\"inLanguage\":\"es\",\"potentialAction\":[{\"@type\":\"ReadAction\",\"target\":[\"https:\\\/\\\/calclimateag.org\\\/immigration-related-resources\\\/\"]}]},{\"@type\":\"ImageObject\",\"inLanguage\":\"es\",\"@id\":\"https:\\\/\\\/calclimateag.org\\\/immigration-related-resources\\\/#primaryimage\",\"url\":\"https:\\\/\\\/i0.wp.com\\\/calclimateag.org\\\/wp-content\\\/uploads\\\/2024\\\/09\\\/StormHay_field-213364_1280-e1775393713661.jpg?fit=750%2C325&ssl=1\",\"contentUrl\":\"https:\\\/\\\/i0.wp.com\\\/calclimateag.org\\\/wp-content\\\/uploads\\\/2024\\\/09\\\/StormHay_field-213364_1280-e1775393713661.jpg?fit=750%2C325&ssl=1\",\"width\":750,\"height\":325,\"caption\":\"This blog was originally published by Michael Happ of the Institute for Agriculture and Trade Policy on September 23, 2024. It is reposted on the CalCAN website with permission.\"},{\"@type\":\"BreadcrumbList\",\"@id\":\"https:\\\/\\\/calclimateag.org\\\/immigration-related-resources\\\/#breadcrumb\",\"itemListElement\":[{\"@type\":\"ListItem\",\"position\":1,\"name\":\"Home\",\"item\":\"https:\\\/\\\/calclimateag.org\\\/\"},{\"@type\":\"ListItem\",\"position\":2,\"name\":\"Immigration-Related Resources\"}]},{\"@type\":\"WebSite\",\"@id\":\"https:\\\/\\\/calclimateag.org\\\/#website\",\"url\":\"https:\\\/\\\/calclimateag.org\\\/\",\"name\":\"CalCAN - California Climate &amp; Agriculture Network\",\"description\":\"California Climate &amp; Agriculture Network\",\"potentialAction\":[{\"@type\":\"SearchAction\",\"target\":{\"@type\":\"EntryPoint\",\"urlTemplate\":\"https:\\\/\\\/calclimateag.org\\\/?s={search_term_string}\"},\"query-input\":{\"@type\":\"PropertyValueSpecification\",\"valueRequired\":true,\"valueName\":\"search_term_string\"}}],\"inLanguage\":\"es\"}]}<\/script>\n<!-- \/ Yoast SEO plugin. -->","yoast_head_json":{"title":"Immigration-Related Resources | CalCAN - California Climate &amp; Agriculture Network","robots":{"index":"index","follow":"follow","max-snippet":"max-snippet:-1","max-image-preview":"max-image-preview:large","max-video-preview":"max-video-preview:-1"},"canonical":"https:\/\/calclimateag.org\/es\/immigration-related-resources\/","og_locale":"es_ES","og_type":"article","og_title":"Immigration-Related Resources | CalCAN - California Climate &amp; Agriculture Network","og_description":"To help support immigrant communities in agriculture, we\u2019ve compiled trusted tools and information to help connect individuals with resources. Whether you\u2019re...","og_url":"https:\/\/calclimateag.org\/es\/immigration-related-resources\/","og_site_name":"CalCAN - California Climate &amp; Agriculture Network","article_modified_time":"2026-04-05T12:55:44+00:00","og_image":[{"width":750,"height":325,"url":"https:\/\/calclimateag.org\/wp-content\/uploads\/2024\/09\/StormHay_field-213364_1280-e1775393713661.jpg","type":"image\/jpeg"}],"twitter_card":"summary_large_image","twitter_misc":{"Tiempo de lectura":"2 minutos"},"schema":{"@context":"https:\/\/schema.org","@graph":[{"@type":"WebPage","@id":"https:\/\/calclimateag.org\/immigration-related-resources\/","url":"https:\/\/calclimateag.org\/immigration-related-resources\/","name":"Immigration-Related Resources | CalCAN - California Climate &amp; Agriculture Network","isPartOf":{"@id":"https:\/\/calclimateag.org\/#website"},"primaryImageOfPage":{"@id":"https:\/\/calclimateag.org\/immigration-related-resources\/#primaryimage"},"image":{"@id":"https:\/\/calclimateag.org\/immigration-related-resources\/#primaryimage"},"thumbnailUrl":"https:\/\/i0.wp.com\/calclimateag.org\/wp-content\/uploads\/2024\/09\/StormHay_field-213364_1280-e1775393713661.jpg?fit=750%2C325&ssl=1","datePublished":"2025-08-09T13:17:23+00:00","dateModified":"2026-04-05T12:55:44+00:00","breadcrumb":{"@id":"https:\/\/calclimateag.org\/immigration-related-resources\/#breadcrumb"},"inLanguage":"es","potentialAction":[{"@type":"ReadAction","target":["https:\/\/calclimateag.org\/immigration-related-resources\/"]}]},{"@type":"ImageObject","inLanguage":"es","@id":"https:\/\/calclimateag.org\/immigration-related-resources\/#primaryimage","url":"https:\/\/i0.wp.com\/calclimateag.org\/wp-content\/uploads\/2024\/09\/StormHay_field-213364_1280-e1775393713661.jpg?fit=750%2C325&ssl=1","contentUrl":"https:\/\/i0.wp.com\/calclimateag.org\/wp-content\/uploads\/2024\/09\/StormHay_field-213364_1280-e1775393713661.jpg?fit=750%2C325&ssl=1","width":750,"height":325,"caption":"This blog was originally published by Michael Happ of the Institute for Agriculture and Trade Policy on September 23, 2024. It is reposted on the CalCAN website with permission."},{"@type":"BreadcrumbList","@id":"https:\/\/calclimateag.org\/immigration-related-resources\/#breadcrumb","itemListElement":[{"@type":"ListItem","position":1,"name":"Home","item":"https:\/\/calclimateag.org\/"},{"@type":"ListItem","position":2,"name":"Immigration-Related Resources"}]},{"@type":"WebSite","@id":"https:\/\/calclimateag.org\/#website","url":"https:\/\/calclimateag.org\/","name":"CalCAN - Red de Clima y Agricultura de California","description":"Red de Clima y Agricultura de California","potentialAction":[{"@type":"SearchAction","target":{"@type":"EntryPoint","urlTemplate":"https:\/\/calclimateag.org\/?s={search_term_string}"},"query-input":{"@type":"PropertyValueSpecification","valueRequired":true,"valueName":"search_term_string"}}],"inLanguage":"es"}]}},"jetpack_sharing_enabled":true,"jetpack_shortlink":"https:\/\/wp.me\/Pap9il-536","jetpack-related-posts":[{"id":19250,"url":"https:\/\/calclimateag.org\/es\/federal-bulletin\/","url_meta":{"origin":19412,"position":0},"title":"What&#8217;s Happening in DC","author":"Kristine Rebiero","date":"abril 30, 2025 2:39 pm","format":false,"excerpt":"The following is CalCAN\u2019s monthly \u201cFederal Bulletin\u201d to share what we are reading and tracking in terms of the impacts of the Trump administration on agriculture, climate change and social justice, with a focus on California. Your stories can help bring attention to these issues. Please let us know how\u2026","rel":"","context":"Entrada similar","block_context":{"text":"Entrada similar","link":""},"img":{"alt_text":"","src":"https:\/\/i0.wp.com\/calclimateag.org\/wp-content\/uploads\/2025\/07\/Katie-Valenzuela-at-Cap-and-Trade-Lobby-Day-6.24.25-Large-e1751376289678.png?fit=960%2C970&ssl=1&resize=350%2C200","width":350,"height":200,"srcset":"https:\/\/i0.wp.com\/calclimateag.org\/wp-content\/uploads\/2025\/07\/Katie-Valenzuela-at-Cap-and-Trade-Lobby-Day-6.24.25-Large-e1751376289678.png?fit=960%2C970&ssl=1&resize=350%2C200 1x, https:\/\/i0.wp.com\/calclimateag.org\/wp-content\/uploads\/2025\/07\/Katie-Valenzuela-at-Cap-and-Trade-Lobby-Day-6.24.25-Large-e1751376289678.png?fit=960%2C970&ssl=1&resize=525%2C300 1.5x, https:\/\/i0.wp.com\/calclimateag.org\/wp-content\/uploads\/2025\/07\/Katie-Valenzuela-at-Cap-and-Trade-Lobby-Day-6.24.25-Large-e1751376289678.png?fit=960%2C970&ssl=1&resize=700%2C400 2x"},"classes":[]},{"id":15728,"url":"https:\/\/calclimateag.org\/es\/address-social-justice\/","url_meta":{"origin":19412,"position":1},"title":"Farmworker Well-Being","author":"Becca Lucas","date":"marzo 16, 2022 12:36 pm","format":false,"excerpt":"California is home to the largest farmworker population of any state in the country. It is estimated that there are between 400,000 to 800,000 farmworkers in the state, many of whom are undocumented and living in poverty. As essential frontline workers, farmworkers are at great risk of experiencing the health\u2026","rel":"","context":"Entrada similar","block_context":{"text":"Entrada similar","link":""},"img":{"alt_text":"","src":"https:\/\/i0.wp.com\/calclimateag.org\/wp-content\/uploads\/2022\/03\/ALBA-2018_USDA-e1647468399329.jpeg?fit=1200%2C515&ssl=1&resize=350%2C200","width":350,"height":200,"srcset":"https:\/\/i0.wp.com\/calclimateag.org\/wp-content\/uploads\/2022\/03\/ALBA-2018_USDA-e1647468399329.jpeg?fit=1200%2C515&ssl=1&resize=350%2C200 1x, https:\/\/i0.wp.com\/calclimateag.org\/wp-content\/uploads\/2022\/03\/ALBA-2018_USDA-e1647468399329.jpeg?fit=1200%2C515&ssl=1&resize=525%2C300 1.5x, https:\/\/i0.wp.com\/calclimateag.org\/wp-content\/uploads\/2022\/03\/ALBA-2018_USDA-e1647468399329.jpeg?fit=1200%2C515&ssl=1&resize=700%2C400 2x, https:\/\/i0.wp.com\/calclimateag.org\/wp-content\/uploads\/2022\/03\/ALBA-2018_USDA-e1647468399329.jpeg?fit=1200%2C515&ssl=1&resize=1050%2C600 3x"},"classes":[]},{"id":12895,"url":"https:\/\/calclimateag.org\/es\/climate-impacts-resources\/","url_meta":{"origin":19412,"position":2},"title":"Recursos para agricultores","author":"Becca Lucas","date":"marzo 30, 2020 4:10 pm","format":false,"excerpt":"Below are farmer, rancher and farmworker resources for coping with the several challenges facing our agricultural system today such as drought, heat, wildfire, and mental health. Looking for immigration-related resources? They can be found on this page. General Resources The National Healthy Soils Policy Network has launched a\u00a0public resources page\u00a0to\u2026","rel":"","context":"Entrada similar","block_context":{"text":"Entrada similar","link":""},"img":{"alt_text":"","src":"https:\/\/i0.wp.com\/calclimateag.org\/wp-content\/uploads\/2021\/06\/The-California-22River-Fire22-in-rages-through-the-hills-of-Salinas-in-Monterey-County-with-workers-in-the-agricultural-fields-below.-Shutterstock-banner-photo-scaled.jpeg?fit=1200%2C471&ssl=1&resize=350%2C200","width":350,"height":200,"srcset":"https:\/\/i0.wp.com\/calclimateag.org\/wp-content\/uploads\/2021\/06\/The-California-22River-Fire22-in-rages-through-the-hills-of-Salinas-in-Monterey-County-with-workers-in-the-agricultural-fields-below.-Shutterstock-banner-photo-scaled.jpeg?fit=1200%2C471&ssl=1&resize=350%2C200 1x, https:\/\/i0.wp.com\/calclimateag.org\/wp-content\/uploads\/2021\/06\/The-California-22River-Fire22-in-rages-through-the-hills-of-Salinas-in-Monterey-County-with-workers-in-the-agricultural-fields-below.-Shutterstock-banner-photo-scaled.jpeg?fit=1200%2C471&ssl=1&resize=525%2C300 1.5x, https:\/\/i0.wp.com\/calclimateag.org\/wp-content\/uploads\/2021\/06\/The-California-22River-Fire22-in-rages-through-the-hills-of-Salinas-in-Monterey-County-with-workers-in-the-agricultural-fields-below.-Shutterstock-banner-photo-scaled.jpeg?fit=1200%2C471&ssl=1&resize=700%2C400 2x, https:\/\/i0.wp.com\/calclimateag.org\/wp-content\/uploads\/2021\/06\/The-California-22River-Fire22-in-rages-through-the-hills-of-Salinas-in-Monterey-County-with-workers-in-the-agricultural-fields-below.-Shutterstock-banner-photo-scaled.jpeg?fit=1200%2C471&ssl=1&resize=1050%2C600 3x"},"classes":[]},{"id":9850,"url":"https:\/\/calclimateag.org\/es\/californias-agricultural-adaptation-plans\/","url_meta":{"origin":19412,"position":3},"title":"California\u2019s Agricultural Adaptation Plans","author":"Renata Brillinger","date":"octubre 15, 2018 6:05 pm","format":false,"excerpt":"California Climate Change Assessments The Natural Resources Agency produced the state's fourth Climate Change Assessment in 2018. The Third Assessment included two studies on agricultural climate risks and strategies, one of which created an agricultural vulnerability index for the state. A steady stream of research on climate impacts on agriculture\u2026","rel":"","context":"Entrada similar","block_context":{"text":"Entrada similar","link":""},"img":{"alt_text":"","src":"","width":0,"height":0},"classes":[]},{"id":99,"url":"https:\/\/calclimateag.org\/es\/solutions\/climateequity\/","url_meta":{"origin":19412,"position":4},"title":"Climate Equity","author":"Renata Brillinger","date":"septiembre 10, 2018 7:20 pm","format":false,"excerpt":"While all Californians are impacted by climate change, climate change does not affect all people and communities in the same way. Climate equity (or justice) ensures that the people and communities who are least culpable in the warming of the planet and most vulnerable to the impacts of climate change\u2026","rel":"","context":"Entrada similar","block_context":{"text":"Entrada similar","link":""},"img":{"alt_text":"climate equity","src":"https:\/\/i0.wp.com\/calclimateag.org\/wp-content\/uploads\/2018\/09\/Banner-ClimateEquity.jpg?fit=1200%2C431&ssl=1&resize=350%2C200","width":350,"height":200,"srcset":"https:\/\/i0.wp.com\/calclimateag.org\/wp-content\/uploads\/2018\/09\/Banner-ClimateEquity.jpg?fit=1200%2C431&ssl=1&resize=350%2C200 1x, https:\/\/i0.wp.com\/calclimateag.org\/wp-content\/uploads\/2018\/09\/Banner-ClimateEquity.jpg?fit=1200%2C431&ssl=1&resize=525%2C300 1.5x, https:\/\/i0.wp.com\/calclimateag.org\/wp-content\/uploads\/2018\/09\/Banner-ClimateEquity.jpg?fit=1200%2C431&ssl=1&resize=700%2C400 2x, https:\/\/i0.wp.com\/calclimateag.org\/wp-content\/uploads\/2018\/09\/Banner-ClimateEquity.jpg?fit=1200%2C431&ssl=1&resize=1050%2C600 3x"},"classes":[]},{"id":215,"url":"https:\/\/calclimateag.org\/es\/farmlandconservationbills\/","url_meta":{"origin":19412,"position":5},"title":"Highlights of CalCAN\u2019s Advocacy on Farmland Conservation","author":"Renata Brillinger","date":"septiembre 19, 2018 5:59 pm","format":false,"excerpt":"2018 \u2014 Approved by voters in June 2018, Proposition 68 is a state parks and natural resources bond that includes $20 million in funding for the California Farmland Conservancy Program to permanently protect farmlands at risk of development. 2017 \u2013 Introduced by Senator Stern and and supported by CalCAN, SB\u2026","rel":"","context":"Entrada similar","block_context":{"text":"Entrada similar","link":""},"img":{"alt_text":"","src":"","width":0,"height":0},"classes":[]}],"jetpack_likes_enabled":false,"_links":{"self":[{"href":"https:\/\/calclimateag.org\/es\/wp-json\/wp\/v2\/pages\/19412","targetHints":{"allow":["GET"]}}],"collection":[{"href":"https:\/\/calclimateag.org\/es\/wp-json\/wp\/v2\/pages"}],"about":[{"href":"https:\/\/calclimateag.org\/es\/wp-json\/wp\/v2\/types\/page"}],"author":[{"embeddable":true,"href":"https:\/\/calclimateag.org\/es\/wp-json\/wp\/v2\/users\/30"}],"replies":[{"embeddable":true,"href":"https:\/\/calclimateag.org\/es\/wp-json\/wp\/v2\/comments?post=19412"}],"version-history":[{"count":10,"href":"https:\/\/calclimateag.org\/es\/wp-json\/wp\/v2\/pages\/19412\/revisions"}],"predecessor-version":[{"id":22203,"href":"https:\/\/calclimateag.org\/es\/wp-json\/wp\/v2\/pages\/19412\/revisions\/22203"}],"wp:featuredmedia":[{"embeddable":true,"href":"https:\/\/calclimateag.org\/es\/wp-json\/wp\/v2\/media\/18970"}],"wp:attachment":[{"href":"https:\/\/calclimateag.org\/es\/wp-json\/wp\/v2\/media?parent=19412"}],"curies":[{"name":"wp","href":"https:\/\/api.w.org\/{rel}","templated":true}]}}