{"id":15089,"date":"2021-08-31T14:47:09","date_gmt":"2021-08-31T21:47:09","guid":{"rendered":"https:\/\/calcanstaging.kinsta.cloud\/?page_id=15089"},"modified":"2026-04-14T20:11:46","modified_gmt":"2026-04-15T03:11:46","slug":"what-we-do","status":"publish","type":"page","link":"https:\/\/calclimateag.org\/es\/about-calcan\/what-we-do\/","title":{"rendered":"Qu\u00e9 hacemos"},"content":{"rendered":"","protected":false},"excerpt":{"rendered":"","protected":false},"author":21,"featured_media":22488,"parent":126,"menu_order":0,"comment_status":"closed","ping_status":"closed","template":"templates\/what-we-do.php","meta":{"_acf_changed":false,"inline_featured_image":false,"_monsterinsights_skip_tracking":false,"_monsterinsights_sitenote_active":false,"_monsterinsights_sitenote_note":"","_monsterinsights_sitenote_category":0,"jetpack_post_was_ever_published":false,"footnotes":""},"class_list":["post-15089","page","type-page","status-publish","has-post-thumbnail","hentry"],"acf":[],"yoast_head":"<!-- This site is optimized with the Yoast SEO plugin v27.3 - https:\/\/yoast.com\/product\/yoast-seo-wordpress\/ -->\n<title>What We Do | CalCAN - California Climate &amp; Agriculture Network<\/title>\n<meta name=\"description\" content=\"What We Do At CalCAN, we advance policy, elevate farmer voices and focus on agricultural solutions to the climate crisis.\" \/>\n<meta name=\"robots\" content=\"index, follow, max-snippet:-1, max-image-preview:large, max-video-preview:-1\" \/>\n<link rel=\"canonical\" href=\"https:\/\/calclimateag.org\/es\/about-calcan\/what-we-do\/\" \/>\n<meta property=\"og:locale\" content=\"es_ES\" \/>\n<meta property=\"og:type\" content=\"article\" \/>\n<meta property=\"og:title\" content=\"What We Do | CalCAN - California Climate &amp; Agriculture Network\" \/>\n<meta property=\"og:description\" content=\"What We Do At CalCAN, we advance policy, elevate farmer voices and focus on agricultural solutions to the climate crisis.\" \/>\n<meta property=\"og:url\" content=\"https:\/\/calclimateag.org\/es\/about-calcan\/what-we-do\/\" \/>\n<meta property=\"og:site_name\" content=\"CalCAN - California Climate &amp; Agriculture Network\" \/>\n<meta property=\"article:modified_time\" content=\"2026-04-15T03:11:46+00:00\" \/>\n<meta property=\"og:image\" content=\"https:\/\/calclimateag.org\/wp-content\/uploads\/2021\/08\/1IVDTo3FQbm3gTHVzwDhA-scaled.jpg\" \/>\n\t<meta property=\"og:image:width\" content=\"2048\" \/>\n\t<meta property=\"og:image:height\" content=\"1536\" \/>\n\t<meta property=\"og:image:type\" content=\"image\/jpeg\" \/>\n<meta name=\"twitter:card\" content=\"summary_large_image\" \/>\n<meta name=\"twitter:label1\" content=\"Tiempo de lectura\" \/>\n\t<meta name=\"twitter:data1\" content=\"1 minuto\" \/>\n<script type=\"application\/ld+json\" class=\"yoast-schema-graph\">{\"@context\":\"https:\\\/\\\/schema.org\",\"@graph\":[{\"@type\":\"WebPage\",\"@id\":\"https:\\\/\\\/calclimateag.org\\\/about-calcan\\\/what-we-do\\\/\",\"url\":\"https:\\\/\\\/calclimateag.org\\\/about-calcan\\\/what-we-do\\\/\",\"name\":\"What We Do | CalCAN - California Climate &amp; Agriculture Network\",\"isPartOf\":{\"@id\":\"https:\\\/\\\/calclimateag.org\\\/#website\"},\"primaryImageOfPage\":{\"@id\":\"https:\\\/\\\/calclimateag.org\\\/about-calcan\\\/what-we-do\\\/#primaryimage\"},\"image\":{\"@id\":\"https:\\\/\\\/calclimateag.org\\\/about-calcan\\\/what-we-do\\\/#primaryimage\"},\"thumbnailUrl\":\"https:\\\/\\\/i0.wp.com\\\/calclimateag.org\\\/wp-content\\\/uploads\\\/2025\\\/12\\\/What-we-do.png?fit=1440%2C611&ssl=1\",\"datePublished\":\"2021-08-31T21:47:09+00:00\",\"dateModified\":\"2026-04-15T03:11:46+00:00\",\"description\":\"What We Do At CalCAN, we advance policy, elevate farmer voices and focus on agricultural solutions to the climate crisis.\",\"breadcrumb\":{\"@id\":\"https:\\\/\\\/calclimateag.org\\\/about-calcan\\\/what-we-do\\\/#breadcrumb\"},\"inLanguage\":\"es\",\"potentialAction\":[{\"@type\":\"ReadAction\",\"target\":[\"https:\\\/\\\/calclimateag.org\\\/about-calcan\\\/what-we-do\\\/\"]}]},{\"@type\":\"ImageObject\",\"inLanguage\":\"es\",\"@id\":\"https:\\\/\\\/calclimateag.org\\\/about-calcan\\\/what-we-do\\\/#primaryimage\",\"url\":\"https:\\\/\\\/i0.wp.com\\\/calclimateag.org\\\/wp-content\\\/uploads\\\/2025\\\/12\\\/What-we-do.png?fit=1440%2C611&ssl=1\",\"contentUrl\":\"https:\\\/\\\/i0.wp.com\\\/calclimateag.org\\\/wp-content\\\/uploads\\\/2025\\\/12\\\/What-we-do.png?fit=1440%2C611&ssl=1\",\"width\":1440,\"height\":611,\"caption\":\"What we do\"},{\"@type\":\"BreadcrumbList\",\"@id\":\"https:\\\/\\\/calclimateag.org\\\/about-calcan\\\/what-we-do\\\/#breadcrumb\",\"itemListElement\":[{\"@type\":\"ListItem\",\"position\":1,\"name\":\"Home\",\"item\":\"https:\\\/\\\/calclimateag.org\\\/\"},{\"@type\":\"ListItem\",\"position\":2,\"name\":\"Who We Are\",\"item\":\"https:\\\/\\\/calclimateag.org\\\/about-calcan\\\/\"},{\"@type\":\"ListItem\",\"position\":3,\"name\":\"What We Do\"}]},{\"@type\":\"WebSite\",\"@id\":\"https:\\\/\\\/calclimateag.org\\\/#website\",\"url\":\"https:\\\/\\\/calclimateag.org\\\/\",\"name\":\"CalCAN - California Climate &amp; Agriculture Network\",\"description\":\"California Climate &amp; Agriculture Network\",\"potentialAction\":[{\"@type\":\"SearchAction\",\"target\":{\"@type\":\"EntryPoint\",\"urlTemplate\":\"https:\\\/\\\/calclimateag.org\\\/?s={search_term_string}\"},\"query-input\":{\"@type\":\"PropertyValueSpecification\",\"valueRequired\":true,\"valueName\":\"search_term_string\"}}],\"inLanguage\":\"es\"}]}<\/script>\n<!-- \/ Yoast SEO plugin. -->","yoast_head_json":{"title":"What We Do | CalCAN - California Climate &amp; Agriculture Network","description":"Qu\u00e9 hacemos En CalCAN, promovemos pol\u00edticas, elevamos las voces de los agricultores y nos centramos en soluciones agr\u00edcolas a la crisis clim\u00e1tica.","robots":{"index":"index","follow":"follow","max-snippet":"max-snippet:-1","max-image-preview":"max-image-preview:large","max-video-preview":"max-video-preview:-1"},"canonical":"https:\/\/calclimateag.org\/es\/about-calcan\/what-we-do\/","og_locale":"es_ES","og_type":"article","og_title":"What We Do | CalCAN - California Climate &amp; Agriculture Network","og_description":"What We Do At CalCAN, we advance policy, elevate farmer voices and focus on agricultural solutions to the climate crisis.","og_url":"https:\/\/calclimateag.org\/es\/about-calcan\/what-we-do\/","og_site_name":"CalCAN - California Climate &amp; Agriculture Network","article_modified_time":"2026-04-15T03:11:46+00:00","og_image":[{"width":2048,"height":1536,"url":"https:\/\/calclimateag.org\/wp-content\/uploads\/2021\/08\/1IVDTo3FQbm3gTHVzwDhA-scaled.jpg","type":"image\/jpeg"}],"twitter_card":"summary_large_image","twitter_misc":{"Tiempo de lectura":"1 minuto"},"schema":{"@context":"https:\/\/schema.org","@graph":[{"@type":"WebPage","@id":"https:\/\/calclimateag.org\/about-calcan\/what-we-do\/","url":"https:\/\/calclimateag.org\/about-calcan\/what-we-do\/","name":"What We Do | CalCAN - California Climate &amp; Agriculture Network","isPartOf":{"@id":"https:\/\/calclimateag.org\/#website"},"primaryImageOfPage":{"@id":"https:\/\/calclimateag.org\/about-calcan\/what-we-do\/#primaryimage"},"image":{"@id":"https:\/\/calclimateag.org\/about-calcan\/what-we-do\/#primaryimage"},"thumbnailUrl":"https:\/\/i0.wp.com\/calclimateag.org\/wp-content\/uploads\/2025\/12\/What-we-do.png?fit=1440%2C611&ssl=1","datePublished":"2021-08-31T21:47:09+00:00","dateModified":"2026-04-15T03:11:46+00:00","description":"Qu\u00e9 hacemos En CalCAN, promovemos pol\u00edticas, elevamos las voces de los agricultores y nos centramos en soluciones agr\u00edcolas a la crisis clim\u00e1tica.","breadcrumb":{"@id":"https:\/\/calclimateag.org\/about-calcan\/what-we-do\/#breadcrumb"},"inLanguage":"es","potentialAction":[{"@type":"ReadAction","target":["https:\/\/calclimateag.org\/about-calcan\/what-we-do\/"]}]},{"@type":"ImageObject","inLanguage":"es","@id":"https:\/\/calclimateag.org\/about-calcan\/what-we-do\/#primaryimage","url":"https:\/\/i0.wp.com\/calclimateag.org\/wp-content\/uploads\/2025\/12\/What-we-do.png?fit=1440%2C611&ssl=1","contentUrl":"https:\/\/i0.wp.com\/calclimateag.org\/wp-content\/uploads\/2025\/12\/What-we-do.png?fit=1440%2C611&ssl=1","width":1440,"height":611,"caption":"What we do"},{"@type":"BreadcrumbList","@id":"https:\/\/calclimateag.org\/about-calcan\/what-we-do\/#breadcrumb","itemListElement":[{"@type":"ListItem","position":1,"name":"Home","item":"https:\/\/calclimateag.org\/"},{"@type":"ListItem","position":2,"name":"Who We Are","item":"https:\/\/calclimateag.org\/about-calcan\/"},{"@type":"ListItem","position":3,"name":"What We Do"}]},{"@type":"WebSite","@id":"https:\/\/calclimateag.org\/#website","url":"https:\/\/calclimateag.org\/","name":"CalCAN - Red de Clima y Agricultura de California","description":"Red de Clima y Agricultura de California","potentialAction":[{"@type":"SearchAction","target":{"@type":"EntryPoint","urlTemplate":"https:\/\/calclimateag.org\/?s={search_term_string}"},"query-input":{"@type":"PropertyValueSpecification","valueRequired":true,"valueName":"search_term_string"}}],"inLanguage":"es"}]}},"jetpack_sharing_enabled":true,"jetpack_shortlink":"https:\/\/wp.me\/Pap9il-3Vn","jetpack-related-posts":[{"id":15068,"url":"https:\/\/calclimateag.org\/es\/publications\/cultivating-climate-resilience-in-farming\/","url_meta":{"origin":15089,"position":0},"title":"Cultivating Climate Resilience in Farming","author":"Becca Lucas","date":"agosto 30, 2021 12:16 pm","format":false,"excerpt":"Published August 2019 -\u00a0Climate change is already having very real impacts on California\u2019s agricultural productivity and the livelihoods of our farmers and ranchers. A growing body of research is pointing to significantly tougher challenges ahead for farmers, our rural communities and our food security, unless we do more to mitigate\u2026","rel":"","context":"Entrada similar","block_context":{"text":"Entrada similar","link":""},"img":{"alt_text":"climate resilience pub","src":"https:\/\/i0.wp.com\/calclimateag.org\/wp-content\/uploads\/2020\/05\/Cultivating-Resilience-August-2019-232x300.jpg?resize=350%2C200&ssl=1","width":350,"height":200},"classes":[]},{"id":15059,"url":"https:\/\/calclimateag.org\/es\/publications\/resilient-california\/","url_meta":{"origin":15089,"position":1},"title":"California resiliente","author":"Becca Lucas","date":"agosto 30, 2021 11:57 am","format":false,"excerpt":"Published December 2020 - Among California\u2019s biggest barriers to achieving its climate change goals are the state\u2019s sprawling cities and towns, and the state\u2019s related dependence on passenger cars. In 2014, recognizing the need to tackle these complex land use issues comprehensively, the state\u2019s Strategic Growth Council launched two complementary\u2026","rel":"","context":"Entrada similar","block_context":{"text":"Entrada similar","link":""},"img":{"alt_text":"salcp-report","src":"https:\/\/i0.wp.com\/calclimateag.org\/wp-content\/uploads\/2020\/12\/CalCAN-Resilient-California-Web-front-page--300x232.png?resize=350%2C200&ssl=1","width":350,"height":200},"classes":[]},{"id":10697,"url":"https:\/\/calclimateag.org\/es\/calcan-summit\/","url_meta":{"origin":15089,"position":2},"title":"Overview","author":"Amy Winzer","date":"mayo 18, 2019 12:33 am","format":false,"excerpt":"Join us for the 6th California Climate & Agriculture Summit and a celebration of CalCAN\u2019s 10th anniversary! March 4 & 5, 2019 Farmer-rancher tickets are still available for the March 5th conference (farm tour is sold out). Click here to register for a partial day ticket if you are not\u2026","rel":"","context":"Entrada similar","block_context":{"text":"Entrada similar","link":""},"img":{"alt_text":"","src":"https:\/\/i0.wp.com\/calclimateag.org\/wp-content\/uploads\/2019\/02\/Sponsor-logos-232x300.jpg?resize=350%2C200&ssl=1","width":350,"height":200,"srcset":"https:\/\/i0.wp.com\/calclimateag.org\/wp-content\/uploads\/2019\/02\/Sponsor-logos-232x300.jpg?resize=350%2C200&ssl=1 1x, https:\/\/i0.wp.com\/calclimateag.org\/wp-content\/uploads\/2019\/02\/Sponsor-logos-232x300.jpg?resize=525%2C300&ssl=1 1.5x"},"classes":[]},{"id":780,"url":"https:\/\/calclimateag.org\/es\/investinginfarmers\/","url_meta":{"origin":15089,"position":3},"title":"Investing in farmers and ranchers","author":"Renata Brillinger","date":"octubre 2, 2018 11:40 pm","format":false,"excerpt":"California farmers and ranchers can contribute powerful and unique climate solutions. Many California farmers and ranchers have embraced their role in responding to the climate crisis by shifting to practices that reduce gas emissions, increase carbon sinks and improve our air and water quality overall\u2014all while staying in the business\u2026","rel":"","context":"Entrada similar","block_context":{"text":"Entrada similar","link":""},"img":{"alt_text":"","src":"https:\/\/i0.wp.com\/calclimateag.org\/wp-content\/uploads\/2018\/10\/Banner-Bucket2_creditUSDA-NRCS-1.jpg?fit=1200%2C431&ssl=1&resize=350%2C200","width":350,"height":200,"srcset":"https:\/\/i0.wp.com\/calclimateag.org\/wp-content\/uploads\/2018\/10\/Banner-Bucket2_creditUSDA-NRCS-1.jpg?fit=1200%2C431&ssl=1&resize=350%2C200 1x, https:\/\/i0.wp.com\/calclimateag.org\/wp-content\/uploads\/2018\/10\/Banner-Bucket2_creditUSDA-NRCS-1.jpg?fit=1200%2C431&ssl=1&resize=525%2C300 1.5x, https:\/\/i0.wp.com\/calclimateag.org\/wp-content\/uploads\/2018\/10\/Banner-Bucket2_creditUSDA-NRCS-1.jpg?fit=1200%2C431&ssl=1&resize=700%2C400 2x, https:\/\/i0.wp.com\/calclimateag.org\/wp-content\/uploads\/2018\/10\/Banner-Bucket2_creditUSDA-NRCS-1.jpg?fit=1200%2C431&ssl=1&resize=1050%2C600 3x"},"classes":[]},{"id":126,"url":"https:\/\/calclimateag.org\/es\/about-calcan\/","url_meta":{"origin":15089,"position":4},"title":"Qui\u00e9nes somos","author":"Renata Brillinger","date":"septiembre 10, 2018 9:01 pm","format":false,"excerpt":"","rel":"","context":"Entrada similar","block_context":{"text":"Entrada similar","link":""},"img":{"alt_text":"","src":"https:\/\/i0.wp.com\/calclimateag.org\/wp-content\/uploads\/2025\/12\/Who-we-are.png?fit=1200%2C509&ssl=1&resize=350%2C200","width":350,"height":200,"srcset":"https:\/\/i0.wp.com\/calclimateag.org\/wp-content\/uploads\/2025\/12\/Who-we-are.png?fit=1200%2C509&ssl=1&resize=350%2C200 1x, https:\/\/i0.wp.com\/calclimateag.org\/wp-content\/uploads\/2025\/12\/Who-we-are.png?fit=1200%2C509&ssl=1&resize=525%2C300 1.5x, https:\/\/i0.wp.com\/calclimateag.org\/wp-content\/uploads\/2025\/12\/Who-we-are.png?fit=1200%2C509&ssl=1&resize=700%2C400 2x, https:\/\/i0.wp.com\/calclimateag.org\/wp-content\/uploads\/2025\/12\/Who-we-are.png?fit=1200%2C509&ssl=1&resize=1050%2C600 3x"},"classes":[]},{"id":45,"url":"https:\/\/calclimateag.org\/es\/newsletters\/","url_meta":{"origin":15089,"position":5},"title":"Newsletters","author":"Renata Brillinger","date":"agosto 30, 2018 7:35 pm","format":false,"excerpt":"Sign-up for Our Monthly Newsletter Receive monthly updates about the latest CalCAN developments, science, policy and practices to help advance the climate solutions of organic and sustainable agriculture. We also include relevant funding opportunities, event listings and job openings. A select few times per year, we alert our network when\u2026","rel":"","context":"Entrada similar","block_context":{"text":"Entrada similar","link":""},"img":{"alt_text":"","src":"","width":0,"height":0},"classes":[]}],"jetpack_likes_enabled":false,"_links":{"self":[{"href":"https:\/\/calclimateag.org\/es\/wp-json\/wp\/v2\/pages\/15089","targetHints":{"allow":["GET"]}}],"collection":[{"href":"https:\/\/calclimateag.org\/es\/wp-json\/wp\/v2\/pages"}],"about":[{"href":"https:\/\/calclimateag.org\/es\/wp-json\/wp\/v2\/types\/page"}],"author":[{"embeddable":true,"href":"https:\/\/calclimateag.org\/es\/wp-json\/wp\/v2\/users\/21"}],"replies":[{"embeddable":true,"href":"https:\/\/calclimateag.org\/es\/wp-json\/wp\/v2\/comments?post=15089"}],"version-history":[{"count":21,"href":"https:\/\/calclimateag.org\/es\/wp-json\/wp\/v2\/pages\/15089\/revisions"}],"predecessor-version":[{"id":24221,"href":"https:\/\/calclimateag.org\/es\/wp-json\/wp\/v2\/pages\/15089\/revisions\/24221"}],"up":[{"embeddable":true,"href":"https:\/\/calclimateag.org\/es\/wp-json\/wp\/v2\/pages\/126"}],"wp:featuredmedia":[{"embeddable":true,"href":"https:\/\/calclimateag.org\/es\/wp-json\/wp\/v2\/media\/22488"}],"wp:attachment":[{"href":"https:\/\/calclimateag.org\/es\/wp-json\/wp\/v2\/media?parent=15089"}],"curies":[{"name":"wp","href":"https:\/\/api.w.org\/{rel}","templated":true}]}}